{"id":620,"date":"2024-07-16T15:39:09","date_gmt":"2024-07-16T13:39:09","guid":{"rendered":"https:\/\/kitas-randersacker.de\/schuelerhort\/?page_id=620"},"modified":"2026-02-18T14:10:56","modified_gmt":"2026-02-18T13:10:56","slug":"schliesszeiten","status":"publish","type":"page","link":"https:\/\/kitas-randersacker.de\/schuelerhort\/schliesszeiten\/","title":{"rendered":"Schlie\u00dfzeiten"},"content":{"rendered":"<h2 style=\"text-align: center\"><strong>Schlie\u00dftage 2026<\/strong><\/h2>\n<p style=\"text-align: center\">Interne Fortbildung : 20.02.2026<\/p>\n<p style=\"text-align: center\">Br\u00fcckentag (Christi Himmelfahrt): 15.05.2026<\/p>\n<p style=\"text-align: center\">Pfingsten: 26.05.2026 &#8211; 29.05.2026<\/p>\n<p style=\"text-align: center\">Br\u00fcckentag (Fronleichnam): 05.06.2026<\/p>\n<p style=\"text-align: center\">Sommerferien: 24.08.2026 &#8211; 11.09.2026<\/p>\n<p style=\"text-align: center\">P\u00e4dagogischer Planungstag: 14.09.2026<\/p>\n<p style=\"text-align: center\">Interne Fortbildung: 18.11.2026<\/p>\n<p style=\"text-align: center\">Weihnachten 2026\/2027: 24.12.2026 &#8211; 08.01.2027<\/p>\n<p>&nbsp;<\/p>\n<p style=\"text-align: center\"><span style=\"color: #ff0000\">An diesen Tagen ist der Hort geschlossen!<\/span><\/p>\n<p>&nbsp;<\/p>\n<p>&nbsp;<\/p>\n","protected":false},"excerpt":{"rendered":"<p>Schlie\u00dftage 2026 Interne Fortbildung : 20.02.2026 Br\u00fcckentag (Christi Himmelfahrt): 15.05.2026 Pfingsten: 26.05.2026 &#8211; 29.05.2026 Br\u00fcckentag (Fronleichnam): 05.06.2026 Sommerferien: 24.08.2026 &#8211; 11.09.2026 P\u00e4dagogischer Planungstag: 14.09.2026 Interne Fortbildung: 18.11.2026 Weihnachten 2026\/2027: 24.12.2026 &#8211; 08.01.2027 &nbsp; An diesen Tagen ist der Hort geschlossen! &nbsp; &nbsp;<\/p>\n","protected":false},"author":4,"featured_media":0,"parent":0,"menu_order":0,"comment_status":"closed","ping_status":"closed","template":"","meta":{"_acf_changed":false,"footnotes":""},"class_list":["post-620","page","type-page","status-publish","hentry"],"acf":[],"_links":{"self":[{"href":"https:\/\/kitas-randersacker.de\/schuelerhort\/wp-json\/wp\/v2\/pages\/620","targetHints":{"allow":["GET"]}}],"collection":[{"href":"https:\/\/kitas-randersacker.de\/schuelerhort\/wp-json\/wp\/v2\/pages"}],"about":[{"href":"https:\/\/kitas-randersacker.de\/schuelerhort\/wp-json\/wp\/v2\/types\/page"}],"author":[{"embeddable":true,"href":"https:\/\/kitas-randersacker.de\/schuelerhort\/wp-json\/wp\/v2\/users\/4"}],"replies":[{"embeddable":true,"href":"https:\/\/kitas-randersacker.de\/schuelerhort\/wp-json\/wp\/v2\/comments?post=620"}],"version-history":[{"count":11,"href":"https:\/\/kitas-randersacker.de\/schuelerhort\/wp-json\/wp\/v2\/pages\/620\/revisions"}],"predecessor-version":[{"id":670,"href":"https:\/\/kitas-randersacker.de\/schuelerhort\/wp-json\/wp\/v2\/pages\/620\/revisions\/670"}],"wp:attachment":[{"href":"https:\/\/kitas-randersacker.de\/schuelerhort\/wp-json\/wp\/v2\/media?parent=620"}],"curies":[{"name":"wp","href":"https:\/\/api.w.org\/{rel}","templated":true}]}}