{"id":571,"date":"2024-01-16T15:44:00","date_gmt":"2024-01-16T14:44:00","guid":{"rendered":"https:\/\/kitas-randersacker.de\/schuelerhort\/?page_id=571"},"modified":"2026-02-18T14:16:28","modified_gmt":"2026-02-18T13:16:28","slug":"termine","status":"publish","type":"page","link":"https:\/\/kitas-randersacker.de\/schuelerhort\/termine\/","title":{"rendered":"Termine"},"content":{"rendered":"<h2><\/h2>\n<h2><span style=\"color: #ff0000\">Bitte beachten Sie:<\/span><\/h2>\n<h2>An- und Abmeldungen f\u00fcr oder vom Hort m\u00fcssen bis zum 28.02.2026 erfolgen.<br \/>\n<span style=\"color: #ff0000\">Eine nachtr\u00e4gliche An- bzw. Abmeldung ist nicht mehr m\u00f6glich!<\/span><\/h2>\n","protected":false},"excerpt":{"rendered":"<p>Bitte beachten Sie: An- und Abmeldungen f\u00fcr oder vom Hort m\u00fcssen bis zum 28.02.2026 erfolgen. Eine nachtr\u00e4gliche An- bzw. Abmeldung ist nicht mehr m\u00f6glich!<\/p>\n","protected":false},"author":4,"featured_media":0,"parent":0,"menu_order":0,"comment_status":"closed","ping_status":"closed","template":"","meta":{"_acf_changed":false,"footnotes":""},"class_list":["post-571","page","type-page","status-publish","hentry"],"acf":[],"_links":{"self":[{"href":"https:\/\/kitas-randersacker.de\/schuelerhort\/wp-json\/wp\/v2\/pages\/571","targetHints":{"allow":["GET"]}}],"collection":[{"href":"https:\/\/kitas-randersacker.de\/schuelerhort\/wp-json\/wp\/v2\/pages"}],"about":[{"href":"https:\/\/kitas-randersacker.de\/schuelerhort\/wp-json\/wp\/v2\/types\/page"}],"author":[{"embeddable":true,"href":"https:\/\/kitas-randersacker.de\/schuelerhort\/wp-json\/wp\/v2\/users\/4"}],"replies":[{"embeddable":true,"href":"https:\/\/kitas-randersacker.de\/schuelerhort\/wp-json\/wp\/v2\/comments?post=571"}],"version-history":[{"count":6,"href":"https:\/\/kitas-randersacker.de\/schuelerhort\/wp-json\/wp\/v2\/pages\/571\/revisions"}],"predecessor-version":[{"id":671,"href":"https:\/\/kitas-randersacker.de\/schuelerhort\/wp-json\/wp\/v2\/pages\/571\/revisions\/671"}],"wp:attachment":[{"href":"https:\/\/kitas-randersacker.de\/schuelerhort\/wp-json\/wp\/v2\/media?parent=571"}],"curies":[{"name":"wp","href":"https:\/\/api.w.org\/{rel}","templated":true}]}}