{"id":216,"date":"2020-07-08T15:17:46","date_gmt":"2020-07-08T13:17:46","guid":{"rendered":"https:\/\/kitas-randersacker.de\/schuelerhort\/?page_id=216"},"modified":"2023-03-03T14:20:17","modified_gmt":"2023-03-03T13:20:17","slug":"zusammenarbeit-mit-eltern-und-anderen-institutionen","status":"publish","type":"page","link":"https:\/\/kitas-randersacker.de\/schuelerhort\/zusammenarbeit-mit-eltern-und-anderen-institutionen\/","title":{"rendered":"Zusammenarbeit mit Eltern und anderen Institutionen"},"content":{"rendered":"<p><u><\/u><strong><u>Zusammenarbeit mit den Eltern<\/u><\/strong><\/p>\n<p>F\u00fcr die F\u00f6rderung und Entwicklung der Kinder ist eine enge und vertrauensvolle Zusammenarbeit zwischen Eltern und dem Hortpersonal notwendig!<\/p>\n<p>Die Eltern erhalten mit der Aufnahme des Kindes in den Hort unsere Hortkonzeption. In dieser sind alle f\u00fcr die Betreuung der Kinder relevanten Regelungen und Informationen enthalten.<\/p>\n<p>Uns ist es wichtig, die Eltern in der Arbeit in unserem Hort mit einzubeziehen.<\/p>\n<p>Dies geschieht durch:<\/p>\n<ul>\n<li>Elternabende<\/li>\n<li>Elternmails<\/li>\n<li>Elternsprechstunden<\/li>\n<li>Hortelternsprecher\/innen<\/li>\n<li>Telefongespr\u00e4che<\/li>\n<li>Feste und Feiern<\/li>\n<li>Elternbefragungen<\/li>\n<li>T\u00fcr- und Angelgespr\u00e4che<\/li>\n<\/ul>\n<ol start=\"8\">\n<li><strong><u> Interdisziplin\u00e4re Zusammenarbeit mit anderen Institutionen <\/u><\/strong><\/li>\n<\/ol>\n<p>Zusammenarbeit mit anderen Institutionen:<\/p>\n<ul>\n<li>Volksschule Randersacker<\/li>\n<li>Landratsamt<\/li>\n<li>Jugendamt<\/li>\n<li>Erziehungsberatungsstellen<\/li>\n<\/ul>\n<p>Durch regelm\u00e4\u00dfigen Kontakt sind wir mit den Lehrkr\u00e4ften \u00fcber unsere Kinder im Gespr\u00e4ch und k\u00f6nnen so Probleme und Schwierigkeiten im Sozialverhalten und im Leistungsbereich, sowie aktuelle Entwicklungen und Ver\u00e4nderungen im Blick behalten.<\/p>\n<p>Soweit m\u00f6glich versuchen wir gemeinsam positive Ver\u00e4nderungen oder L\u00f6sungen zu erreichen. Dabei ist es uns wichtig, die Eltern unserer Kinder in die Zusammenarbeit zu integrieren. Im Austausch mit den Lehrkr\u00e4ften pflegen wir eine gute und vertrauensvolle Zusammenarbeit zum Wohle ihrer Kinder.<\/p>\n<p>Dazu ist die Einwilligung der Eltern zum Fachdialog im oben genannten Rahmen Voraussetzung, die diese uns jederzeit schriftlich entziehen k\u00f6nnen.<\/p>\n<p>Bei Fachgespr\u00e4chen mit den anderen o.g. Institutionen werden wir jeweils die Zustimmung der betroffenen Erziehungsberechtigten einholen.<\/p>\n","protected":false},"excerpt":{"rendered":"<p>Zusammenarbeit mit den Eltern F\u00fcr die F\u00f6rderung und Entwicklung der Kinder ist eine enge und vertrauensvolle Zusammenarbeit zwischen Eltern und dem Hortpersonal notwendig! Die Eltern erhalten mit der Aufnahme des Kindes in den Hort unsere Hortkonzeption. In dieser sind alle f\u00fcr die Betreuung der Kinder relevanten Regelungen und Informationen enthalten. Uns ist es wichtig, die [&hellip;]<\/p>\n","protected":false},"author":4,"featured_media":0,"parent":0,"menu_order":0,"comment_status":"closed","ping_status":"closed","template":"","meta":{"_acf_changed":false,"footnotes":""},"class_list":["post-216","page","type-page","status-publish","hentry"],"acf":[],"_links":{"self":[{"href":"https:\/\/kitas-randersacker.de\/schuelerhort\/wp-json\/wp\/v2\/pages\/216","targetHints":{"allow":["GET"]}}],"collection":[{"href":"https:\/\/kitas-randersacker.de\/schuelerhort\/wp-json\/wp\/v2\/pages"}],"about":[{"href":"https:\/\/kitas-randersacker.de\/schuelerhort\/wp-json\/wp\/v2\/types\/page"}],"author":[{"embeddable":true,"href":"https:\/\/kitas-randersacker.de\/schuelerhort\/wp-json\/wp\/v2\/users\/4"}],"replies":[{"embeddable":true,"href":"https:\/\/kitas-randersacker.de\/schuelerhort\/wp-json\/wp\/v2\/comments?post=216"}],"version-history":[{"count":5,"href":"https:\/\/kitas-randersacker.de\/schuelerhort\/wp-json\/wp\/v2\/pages\/216\/revisions"}],"predecessor-version":[{"id":456,"href":"https:\/\/kitas-randersacker.de\/schuelerhort\/wp-json\/wp\/v2\/pages\/216\/revisions\/456"}],"wp:attachment":[{"href":"https:\/\/kitas-randersacker.de\/schuelerhort\/wp-json\/wp\/v2\/media?parent=216"}],"curies":[{"name":"wp","href":"https:\/\/api.w.org\/{rel}","templated":true}]}}