{"id":212,"date":"2020-07-08T15:13:22","date_gmt":"2020-07-08T13:13:22","guid":{"rendered":"https:\/\/kitas-randersacker.de\/schuelerhort\/?page_id=212"},"modified":"2023-03-03T14:14:51","modified_gmt":"2023-03-03T13:14:51","slug":"hausaufgabenbetreuung","status":"publish","type":"page","link":"https:\/\/kitas-randersacker.de\/schuelerhort\/hausaufgabenbetreuung\/","title":{"rendered":"Hausaufgabenbetreuung"},"content":{"rendered":"<p><strong><u>Hausaufgabenbetreuung<\/u><\/strong><\/p>\n<p>Wichtiger Bestandteil des Hortalltags ist die Hausaufgabenbetreuung.<\/p>\n<p>Die Hausaufgabenzeit ist f\u00fcr alle anwesenden Kinder verpflichtend. In dieser Zeit kann nicht abgeholt werden, um die st\u00e4ndige St\u00f6rung der Ruhe und Konzentration im Gruppenraum zu vermeiden.<\/p>\n<p>In ruhiger Atmosph\u00e4re begleiten wir die Kinder, bieten falls n\u00f6tig Hilfestellung und pr\u00fcfen auf vollst\u00e4ndige Erledigung ihrer Arbeiten. Es darf jedoch nicht als Nachhilfe verstanden werden. Letzte Kontrolle obliegt immer den Eltern.<\/p>\n<p>Das Begleiten der Hausaufgabe ist eine Herausforderung, eine Gratwanderung zwischen fordern und f\u00f6rdern, zwischen ermutigen und anspornen, zwischen helfen und loslassen.<\/p>\n<p>Uns ist eine gute Zusammenarbeit mit den Lehrkr\u00e4ften wichtig, um Kinder individuell zu unterst\u00fctzen und bei ihnen die Freude am Lernen zu wecken.<\/p>\n<p>Auch hier ist Vertrauen eine Grundlage der Zusammenarbeit und das Ziel die Selbstverantwortung der Sch\u00fcler f\u00fcr ihre Arbeiten.<\/p>\n<p>&nbsp;<\/p>\n<p>&nbsp;<\/p>\n","protected":false},"excerpt":{"rendered":"<p>Hausaufgabenbetreuung Wichtiger Bestandteil des Hortalltags ist die Hausaufgabenbetreuung. Die Hausaufgabenzeit ist f\u00fcr alle anwesenden Kinder verpflichtend. In dieser Zeit kann nicht abgeholt werden, um die st\u00e4ndige St\u00f6rung der Ruhe und Konzentration im Gruppenraum zu vermeiden. In ruhiger Atmosph\u00e4re begleiten wir die Kinder, bieten falls n\u00f6tig Hilfestellung und pr\u00fcfen auf vollst\u00e4ndige Erledigung ihrer Arbeiten. Es darf [&hellip;]<\/p>\n","protected":false},"author":4,"featured_media":0,"parent":0,"menu_order":0,"comment_status":"closed","ping_status":"closed","template":"","meta":{"_acf_changed":false,"footnotes":""},"class_list":["post-212","page","type-page","status-publish","hentry"],"acf":[],"_links":{"self":[{"href":"https:\/\/kitas-randersacker.de\/schuelerhort\/wp-json\/wp\/v2\/pages\/212","targetHints":{"allow":["GET"]}}],"collection":[{"href":"https:\/\/kitas-randersacker.de\/schuelerhort\/wp-json\/wp\/v2\/pages"}],"about":[{"href":"https:\/\/kitas-randersacker.de\/schuelerhort\/wp-json\/wp\/v2\/types\/page"}],"author":[{"embeddable":true,"href":"https:\/\/kitas-randersacker.de\/schuelerhort\/wp-json\/wp\/v2\/users\/4"}],"replies":[{"embeddable":true,"href":"https:\/\/kitas-randersacker.de\/schuelerhort\/wp-json\/wp\/v2\/comments?post=212"}],"version-history":[{"count":4,"href":"https:\/\/kitas-randersacker.de\/schuelerhort\/wp-json\/wp\/v2\/pages\/212\/revisions"}],"predecessor-version":[{"id":451,"href":"https:\/\/kitas-randersacker.de\/schuelerhort\/wp-json\/wp\/v2\/pages\/212\/revisions\/451"}],"wp:attachment":[{"href":"https:\/\/kitas-randersacker.de\/schuelerhort\/wp-json\/wp\/v2\/media?parent=212"}],"curies":[{"name":"wp","href":"https:\/\/api.w.org\/{rel}","templated":true}]}}