{"id":201,"date":"2020-07-08T15:06:30","date_gmt":"2020-07-08T13:06:30","guid":{"rendered":"https:\/\/kitas-randersacker.de\/schuelerhort\/?page_id=201"},"modified":"2023-03-03T14:12:30","modified_gmt":"2023-03-03T13:12:30","slug":"ziele-unserer-paedagogischen-arbeit","status":"publish","type":"page","link":"https:\/\/kitas-randersacker.de\/schuelerhort\/ziele-unserer-paedagogischen-arbeit\/","title":{"rendered":"Ziele und Grunds\u00e4tze unserer p\u00e4dagogischen Arbeit"},"content":{"rendered":"<p><u><strong>Ziele und Grunds\u00e4tze unserer p\u00e4dagogischen Arbeit<\/strong><\/u><\/p>\n<p>&nbsp;<\/p>\n<p>Kinder sind keine kleinen Erwachsenen, sondern Menschen in einer besonderen Lebensphase mit ihren eigenen Bed\u00fcrfnissen. F\u00fcr ein gutes und sicheres Aufwachsen ben\u00f6tigen sie F\u00fcrsorge, Schutz und Unterst\u00fctzung.<\/p>\n<p>Da die Familie der wichtigste und einflussreichste Bildungsort f\u00fcr das Kind ist, legen wir Wert auf gute Kooperation und Austausch mit den Eltern.<\/p>\n<p>Oberstes Bildungs- und Erziehungsziel ist der eigenverantwortliche, beziehungs- und gemeinschaftsf\u00e4hige, wertorientiert, weltoffene und sch\u00f6pferische Mensch.<\/p>\n<p>Eine zentrale Aufgabe ist es f\u00fcr uns daher, Kinder in ihren Kompetenzen zu st\u00e4rken, mit R\u00fccksicht auf ihre individuelle Entwicklung, Bed\u00fcrfnisse und Ressourcen.<\/p>\n<p><strong><em>Partizipation <\/em><\/strong>der Kinder bedeutet die Beteiligung an Entscheidungen, die das Kind selbst oder die Gemeinschaft betreffen, also Selbst- und Mitbestimmung, Eigen- und Mitverantwortung, sowie konstruktive Konfliktl\u00f6sung<strong><em>.<\/em><\/strong><\/p>\n<p>Die Erwachsenen (Eltern, Erzieher) und ihr demokratischer Umgang miteinander sind Vorbild und Anregung f\u00fcr ein tolerantes und respektvolles Verhalten des Kindes anderen gegen\u00fcber und ist wichtig f\u00fcr eine gelingende Partizipation.<\/p>\n<p>Eines der 10 wichtigsten Grundrechte, welche die Kinderrechtskonvention festgeschrieben hat, ist das Recht der Kinder auf Spiel und Freizeit (Art. 31):<\/p>\n<p><strong><em>Kinder haben das Recht zu spielen, sich zu erholen und k\u00fcnstlerisch t\u00e4tig zu sein!<\/em><\/strong><\/p>\n<p>Spiel ist eine elementare Form des Lernens. Im Spiel mit anderen erwirbt das Kind soziale Kompetenzen, die es f\u00fcr sein Leben braucht:<\/p>\n<p>&nbsp;<\/p>\n<ul>\n<li>sich in eine Gruppe einordnen<\/li>\n<li>R\u00fccksicht auf andere nehmen<\/li>\n<li>Selbstbewusstsein st\u00e4rken<\/li>\n<li>Verantwortung f\u00fcr sich und andere \u00fcbernehmen<\/li>\n<li>Ansichten und Vorschl\u00e4ge anderer tolerieren<\/li>\n<li>Neues probieren, experimentieren<\/li>\n<li>Aufgaben und Konflikte zu l\u00f6sen<\/li>\n<li>Freundschaften aufbauen<\/li>\n<li>eigene W\u00fcnsche \u00e4u\u00dfern, Ideen einbringen<\/li>\n<li>Kompromisse eingehen<\/li>\n<li>Regeln aushandeln<\/li>\n<li>Entscheidungen treffen<\/li>\n<li>Gemeinsame L\u00f6sungen finden usw.<\/li>\n<\/ul>\n<p>&nbsp;<\/p>\n<p>Es ist uns ein gro\u00dfes Anliegen, darauf zu achten, dass den Kindern im Hortalltag neben Hausaufgaben und AG\u00b4S auch gen\u00fcgend Spielzeit zur Verf\u00fcgung steht.<\/p>\n","protected":false},"excerpt":{"rendered":"<p>Ziele und Grunds\u00e4tze unserer p\u00e4dagogischen Arbeit &nbsp; Kinder sind keine kleinen Erwachsenen, sondern Menschen in einer besonderen Lebensphase mit ihren eigenen Bed\u00fcrfnissen. F\u00fcr ein gutes und sicheres Aufwachsen ben\u00f6tigen sie F\u00fcrsorge, Schutz und Unterst\u00fctzung. Da die Familie der wichtigste und einflussreichste Bildungsort f\u00fcr das Kind ist, legen wir Wert auf gute Kooperation und Austausch mit [&hellip;]<\/p>\n","protected":false},"author":4,"featured_media":0,"parent":0,"menu_order":0,"comment_status":"closed","ping_status":"closed","template":"","meta":{"_acf_changed":false,"footnotes":""},"class_list":["post-201","page","type-page","status-publish","hentry"],"acf":[],"_links":{"self":[{"href":"https:\/\/kitas-randersacker.de\/schuelerhort\/wp-json\/wp\/v2\/pages\/201","targetHints":{"allow":["GET"]}}],"collection":[{"href":"https:\/\/kitas-randersacker.de\/schuelerhort\/wp-json\/wp\/v2\/pages"}],"about":[{"href":"https:\/\/kitas-randersacker.de\/schuelerhort\/wp-json\/wp\/v2\/types\/page"}],"author":[{"embeddable":true,"href":"https:\/\/kitas-randersacker.de\/schuelerhort\/wp-json\/wp\/v2\/users\/4"}],"replies":[{"embeddable":true,"href":"https:\/\/kitas-randersacker.de\/schuelerhort\/wp-json\/wp\/v2\/comments?post=201"}],"version-history":[{"count":4,"href":"https:\/\/kitas-randersacker.de\/schuelerhort\/wp-json\/wp\/v2\/pages\/201\/revisions"}],"predecessor-version":[{"id":447,"href":"https:\/\/kitas-randersacker.de\/schuelerhort\/wp-json\/wp\/v2\/pages\/201\/revisions\/447"}],"wp:attachment":[{"href":"https:\/\/kitas-randersacker.de\/schuelerhort\/wp-json\/wp\/v2\/media?parent=201"}],"curies":[{"name":"wp","href":"https:\/\/api.w.org\/{rel}","templated":true}]}}