{"id":191,"date":"2020-07-08T15:00:35","date_gmt":"2020-07-08T13:00:35","guid":{"rendered":"https:\/\/kitas-randersacker.de\/schuelerhort\/?page_id=191"},"modified":"2020-07-31T12:47:35","modified_gmt":"2020-07-31T10:47:35","slug":"versicherungsfragen","status":"publish","type":"page","link":"https:\/\/kitas-randersacker.de\/schuelerhort\/versicherungsfragen\/","title":{"rendered":"Versicherungsfragen"},"content":{"rendered":"<p><strong>Was ist bei Versicherungsfragen zu beachten?<\/strong><\/p>\n<p>F\u00fcr den Verlust, die Verwechslung oder Besch\u00e4digung der Garderobe und Ausstattung der Kinder wird keine Haftung \u00fcbernommen. Die gilt ebenso f\u00fcr mitgebrachtes Spielzeug und andere Gegenst\u00e4nde. Handy, Notrufuhren und dergleichen sind im Hort nicht erlaubt!<\/p>\n<p>Bitte achten Sie darauf, dass ihre Kinder keine Gegenst\u00e4nde und Spielzeuge in den Hort mitnehmen, die ihre eigene und die Sicherheit der anderen Kinder gef\u00e4hrden k\u00f6nnen.<\/p>\n<p>Bei Besch\u00e4digung des Horteigentums durch das Kind haftet gem\u00e4\u00df \u00a7828 BGB das Kind bzw. die Eltern f\u00fcr den Schaden. Wir empfehlen nicht zuletzt deshalb allen Eltern dringend den Abschluss einer Haftpflichtversicherung f\u00fcr ihre Kinder.<\/p>\n<p>&nbsp;<\/p>\n<p><strong> \u00a0Unfallversicherung<\/strong><\/p>\n<p>Nach den geltenden Bestimmungen sind Hortkinder bei Unf\u00e4llen auf dem direkten Weg zum und vom Hort, w\u00e4hrend des Aufenthaltes im Hort und w\u00e4hrend aller Veranstaltungen des Hortes, auch au\u00dferhalb des Grundst\u00fcckes (Spazierg\u00e4nge, Ausfl\u00fcge usw.), unfallversichert. Alle Unf\u00e4lle, die auf dem Weg zum und vom Hort eintreten, auch wenn keine \u00e4rztliche Behandlung erfolgt, sind der Hortleitung unverz\u00fcglich mitzuteilen.<\/p>\n","protected":false},"excerpt":{"rendered":"<p>Was ist bei Versicherungsfragen zu beachten? F\u00fcr den Verlust, die Verwechslung oder Besch\u00e4digung der Garderobe und Ausstattung der Kinder wird keine Haftung \u00fcbernommen. Die gilt ebenso f\u00fcr mitgebrachtes Spielzeug und andere Gegenst\u00e4nde. Handy, Notrufuhren und dergleichen sind im Hort nicht erlaubt! Bitte achten Sie darauf, dass ihre Kinder keine Gegenst\u00e4nde und Spielzeuge in den Hort [&hellip;]<\/p>\n","protected":false},"author":4,"featured_media":0,"parent":0,"menu_order":0,"comment_status":"closed","ping_status":"closed","template":"","meta":{"_acf_changed":false,"footnotes":""},"class_list":["post-191","page","type-page","status-publish","hentry"],"acf":[],"_links":{"self":[{"href":"https:\/\/kitas-randersacker.de\/schuelerhort\/wp-json\/wp\/v2\/pages\/191","targetHints":{"allow":["GET"]}}],"collection":[{"href":"https:\/\/kitas-randersacker.de\/schuelerhort\/wp-json\/wp\/v2\/pages"}],"about":[{"href":"https:\/\/kitas-randersacker.de\/schuelerhort\/wp-json\/wp\/v2\/types\/page"}],"author":[{"embeddable":true,"href":"https:\/\/kitas-randersacker.de\/schuelerhort\/wp-json\/wp\/v2\/users\/4"}],"replies":[{"embeddable":true,"href":"https:\/\/kitas-randersacker.de\/schuelerhort\/wp-json\/wp\/v2\/comments?post=191"}],"version-history":[{"count":2,"href":"https:\/\/kitas-randersacker.de\/schuelerhort\/wp-json\/wp\/v2\/pages\/191\/revisions"}],"predecessor-version":[{"id":193,"href":"https:\/\/kitas-randersacker.de\/schuelerhort\/wp-json\/wp\/v2\/pages\/191\/revisions\/193"}],"wp:attachment":[{"href":"https:\/\/kitas-randersacker.de\/schuelerhort\/wp-json\/wp\/v2\/media?parent=191"}],"curies":[{"name":"wp","href":"https:\/\/api.w.org\/{rel}","templated":true}]}}