{"id":187,"date":"2020-07-08T14:58:54","date_gmt":"2020-07-08T12:58:54","guid":{"rendered":"https:\/\/kitas-randersacker.de\/schuelerhort\/?page_id=187"},"modified":"2022-10-20T16:06:50","modified_gmt":"2022-10-20T14:06:50","slug":"hortkosten","status":"publish","type":"page","link":"https:\/\/kitas-randersacker.de\/schuelerhort\/hortkosten\/","title":{"rendered":"Hortkosten\/ K\u00fcndigung"},"content":{"rendered":"<p><strong>\u00a0Hortkosten<\/strong><\/p>\n<p>Derzeit gelten folgende Geb\u00fchrenstaffelungen:<\/p>\n<p>&nbsp;<\/p>\n<table style=\"height: 107px\" width=\"545\">\n<tbody>\n<tr>\n<td width=\"137\">t\u00e4gl. Buchungszeiten<\/td>\n<td width=\"87\">3-4 Std.<\/td>\n<td width=\"87\">4-5 Std.<\/td>\n<td width=\"87\">5-6 Std.<\/td>\n<td width=\"87\">6-7 Std.<\/td>\n<\/tr>\n<tr>\n<td width=\"137\"><\/td>\n<td width=\"87\"><strong>\u00a0 \u00a0157,80\u20ac<\/strong><\/td>\n<td width=\"87\"><strong>\u00a0 173,58 \u20ac<\/strong><\/td>\n<td width=\"87\"><strong>\u00a0 189,36 \u20ac<\/strong><\/td>\n<td width=\"87\"><strong>\u00a0 \u00a0205,13\u20ac<\/strong><\/td>\n<\/tr>\n<\/tbody>\n<\/table>\n<p>&nbsp;<\/p>\n<p>F\u00fcr Geschwisterkinder kann bei gleichzeitigem Besuch einer der Kindertageseinrichtungen des Marktes Randersacker eine Erm\u00e4\u00dfigung gew\u00e4hrt werden. Info bei Frau Lorenz-Eck.<\/p>\n<p>&nbsp;<\/p>\n<p><strong> Wie kann der Hortplatz gek\u00fcndigt werden?<\/strong><\/p>\n<p>Eine K\u00fcndigung des Hortplatzes ihres Kindes k\u00f6nnen Sie nur bis zum 28. Februar des Jahres f\u00fcr Ende des Hortjahren (31.August) durchf\u00fchren. Abmeldungen w\u00e4hrend des Hortjahres sind nicht mehr m\u00f6glich. Bei Vorliegen triftiger Gr\u00fcnde, z.B. Wegzug aus dem Einzugsgebiet unseres Hortes, ist im Einzelfall eine K\u00fcndigung auch w\u00e4hrend des Hortjahres mit einer Frist von 6 Wochen zum Monatsende m\u00f6glich.<\/p>\n<p>&nbsp;<\/p>\n<p><strong>\u00a0K\u00fcndigung \u00a0durch die Einrichtung &#8211;<\/strong><strong>\u00a0Au\u00dferordentliche K\u00fcndigung<\/strong><\/p>\n<p>Vom Hort ausgeschlossen werden kann ein Kind, wenn es sich f\u00fcr die Gruppe als untragbar erweist, indem es z.B. die k\u00f6rperliche oder seelische Sicherheit der anderen Kinder gef\u00e4hrdet, oder wenn eine konstruktive Zusammenarbeit mit den Eltern nicht erreicht werden kann.<\/p>\n","protected":false},"excerpt":{"rendered":"<p>\u00a0Hortkosten Derzeit gelten folgende Geb\u00fchrenstaffelungen: &nbsp; t\u00e4gl. Buchungszeiten 3-4 Std. 4-5 Std. 5-6 Std. 6-7 Std. \u00a0 \u00a0157,80\u20ac \u00a0 173,58 \u20ac \u00a0 189,36 \u20ac \u00a0 \u00a0205,13\u20ac &nbsp; F\u00fcr Geschwisterkinder kann bei gleichzeitigem Besuch einer der Kindertageseinrichtungen des Marktes Randersacker eine Erm\u00e4\u00dfigung gew\u00e4hrt werden. Info bei Frau Lorenz-Eck. &nbsp; Wie kann der Hortplatz gek\u00fcndigt werden? Eine [&hellip;]<\/p>\n","protected":false},"author":4,"featured_media":0,"parent":0,"menu_order":0,"comment_status":"closed","ping_status":"closed","template":"","meta":{"_acf_changed":false,"footnotes":""},"class_list":["post-187","page","type-page","status-publish","hentry"],"acf":[],"_links":{"self":[{"href":"https:\/\/kitas-randersacker.de\/schuelerhort\/wp-json\/wp\/v2\/pages\/187","targetHints":{"allow":["GET"]}}],"collection":[{"href":"https:\/\/kitas-randersacker.de\/schuelerhort\/wp-json\/wp\/v2\/pages"}],"about":[{"href":"https:\/\/kitas-randersacker.de\/schuelerhort\/wp-json\/wp\/v2\/types\/page"}],"author":[{"embeddable":true,"href":"https:\/\/kitas-randersacker.de\/schuelerhort\/wp-json\/wp\/v2\/users\/4"}],"replies":[{"embeddable":true,"href":"https:\/\/kitas-randersacker.de\/schuelerhort\/wp-json\/wp\/v2\/comments?post=187"}],"version-history":[{"count":9,"href":"https:\/\/kitas-randersacker.de\/schuelerhort\/wp-json\/wp\/v2\/pages\/187\/revisions"}],"predecessor-version":[{"id":420,"href":"https:\/\/kitas-randersacker.de\/schuelerhort\/wp-json\/wp\/v2\/pages\/187\/revisions\/420"}],"wp:attachment":[{"href":"https:\/\/kitas-randersacker.de\/schuelerhort\/wp-json\/wp\/v2\/media?parent=187"}],"curies":[{"name":"wp","href":"https:\/\/api.w.org\/{rel}","templated":true}]}}