{"id":182,"date":"2020-07-08T14:52:38","date_gmt":"2020-07-08T12:52:38","guid":{"rendered":"https:\/\/kitas-randersacker.de\/schuelerhort\/?page_id=182"},"modified":"2020-07-31T12:46:19","modified_gmt":"2020-07-31T10:46:19","slug":"hortordnung","status":"publish","type":"page","link":"https:\/\/kitas-randersacker.de\/schuelerhort\/hortordnung\/","title":{"rendered":"Hortordnung"},"content":{"rendered":"<p><strong><u> Hortordnung<\/u><\/strong><\/p>\n<p><strong>\u00a0\u00d6ffnungszeiten und Schlie\u00dfzeiten<\/strong><\/p>\n<p><strong>\u00a0<\/strong><\/p>\n<p><strong>W\u00e4hrend der Schulzeit:<\/strong><strong><br \/>\n<\/strong><\/p>\n<p>Montag \u2013 Donnerstag\u00a0\u00a0 11:15 Uhr \u2013 17:00 Uhr<\/p>\n<p>Freitag\u00a0\u00a0\u00a0\u00a0\u00a0\u00a0\u00a0\u00a0\u00a0\u00a0\u00a0\u00a0\u00a0\u00a0\u00a0\u00a0\u00a0\u00a0\u00a0\u00a0\u00a0 \u00a0\u00a0\u00a0\u00a0\u00a011:15 Uhr \u2013 16:00 Uhr<\/p>\n<p><strong>\u00a0\u00a0\u00a0\u00a0\u00a0\u00a0\u00a0 <\/strong><\/p>\n<p><strong>W\u00e4hrend der Ferien:<\/strong><\/p>\n<p>Montag \u2013 Donnerstag\u00a0 08:00 Uhr \u2013 16:30 Uhr<\/p>\n<p>Freitag\u00a0\u00a0\u00a0\u00a0\u00a0\u00a0\u00a0\u00a0\u00a0\u00a0\u00a0\u00a0\u00a0\u00a0\u00a0\u00a0\u00a0\u00a0\u00a0\u00a0\u00a0\u00a0\u00a0\u00a0\u00a0\u00a0\u00a0\u00a0\u00a0\u00a0\u00a0\u00a0\u00a0\u00a0\u00a0\u00a0\u00a0\u00a0 \u00a0\u00a0\u00a0\u00a0\u00a0\u00a0\u00a016:00 Uhr<\/p>\n<p>&nbsp;<\/p>\n<p><strong>\u00a0\u00a0\u00a0\u00a0\u00a0\u00a0\u00a0\u00a0 Schlie\u00dfzeiten:<\/strong><\/p>\n<p><strong>\u00a0<\/strong><\/p>\n<p>2 \u00a0Wochen Weihnachtsferien wie Schulferien<\/p>\n<p>Faschingsdienstag\u00a0 bis 12:00 Uhr<\/p>\n<p>1 Woche Pfingstferien<\/p>\n<p>3 \u00a0Wochen Sommerferien im Wechsel zu Beginn oder die letzten<\/p>\n<p>Betriebsausflug<\/p>\n<p>Planungstag, der Tag vor Schulbeginn<\/p>\n<p>&nbsp;<\/p>\n<p><strong>4.2 Wie k\u00f6nnen sie uns telefonisch erreichen?<\/strong><\/p>\n<p>&nbsp;<\/p>\n<p>W\u00e4hrend der \u00d6ffnungszeiten von 11 \u2013 13.00 und von 15.30 \u2013 17.00 sind wir unter <strong>0160\/90500124<\/strong> zu erreichen. Ansonsten eine Nachricht per SMS oder WhatsApp.<\/p>\n<p>Au\u00dferhalb der \u00d6ffnungszeiten k\u00f6nnen Sie uns auch unter <strong>0931\/70519010<\/strong> auf unserem Anrufbeantworter jederzeit eine Nachricht hinterlassen. Wir rufen Sie baldm\u00f6glichst zur\u00fcck.<\/p>\n<p>Gerne d\u00fcrfen Sie uns auch eine E-Mail schicken. Unsere Adresse lautet: <strong>hort@randersacker.de<\/strong><\/p>\n<p><strong>\u00a0<\/strong><\/p>\n<p><strong>4.3 <\/strong>\u00a0<strong>Was ist zu tun bei Erkrankung des Kindes?<\/strong><\/p>\n<p>&nbsp;<\/p>\n<p>Der t\u00e4gliche Hortbesuch der Kinder setzt, wie der Schulbesuch, voraus, dass sie gesund sind. Kinder die wegen einer Erkrankung die Schule nicht besuchen, d\u00fcrfen auch nicht in den Hort kommen.<\/p>\n<p>Bei Erkrankung des Kindes bitten wir sie, das Kind \u00fcber den AB gleich am Morgen auch bei uns zu entschuldigen.<\/p>\n<p>Erkrankt ein Kind an einer ansteckenden Krankheit, ist dieses unmittelbar den p\u00e4dagogischen Mitarbeitern im Hort mitzuteilen und nach Abklingen der Erkrankung ein \u00e4rztliches Attest vorzulegen.<\/p>\n","protected":false},"excerpt":{"rendered":"<p>Hortordnung \u00a0\u00d6ffnungszeiten und Schlie\u00dfzeiten \u00a0 W\u00e4hrend der Schulzeit: Montag \u2013 Donnerstag\u00a0\u00a0 11:15 Uhr \u2013 17:00 Uhr Freitag\u00a0\u00a0\u00a0\u00a0\u00a0\u00a0\u00a0\u00a0\u00a0\u00a0\u00a0\u00a0\u00a0\u00a0\u00a0\u00a0\u00a0\u00a0\u00a0\u00a0\u00a0 \u00a0\u00a0\u00a0\u00a0\u00a011:15 Uhr \u2013 16:00 Uhr \u00a0\u00a0\u00a0\u00a0\u00a0\u00a0\u00a0 W\u00e4hrend der Ferien: Montag \u2013 Donnerstag\u00a0 08:00 Uhr \u2013 16:30 Uhr Freitag\u00a0\u00a0\u00a0\u00a0\u00a0\u00a0\u00a0\u00a0\u00a0\u00a0\u00a0\u00a0\u00a0\u00a0\u00a0\u00a0\u00a0\u00a0\u00a0\u00a0\u00a0\u00a0\u00a0\u00a0\u00a0\u00a0\u00a0\u00a0\u00a0\u00a0\u00a0\u00a0\u00a0\u00a0\u00a0\u00a0\u00a0\u00a0 \u00a0\u00a0\u00a0\u00a0\u00a0\u00a0\u00a016:00 Uhr &nbsp; \u00a0\u00a0\u00a0\u00a0\u00a0\u00a0\u00a0\u00a0 Schlie\u00dfzeiten: \u00a0 2 \u00a0Wochen Weihnachtsferien wie Schulferien Faschingsdienstag\u00a0 bis 12:00 Uhr 1 Woche Pfingstferien 3 \u00a0Wochen [&hellip;]<\/p>\n","protected":false},"author":4,"featured_media":0,"parent":0,"menu_order":0,"comment_status":"closed","ping_status":"closed","template":"","meta":{"_acf_changed":false,"footnotes":""},"class_list":["post-182","page","type-page","status-publish","hentry"],"acf":[],"_links":{"self":[{"href":"https:\/\/kitas-randersacker.de\/schuelerhort\/wp-json\/wp\/v2\/pages\/182","targetHints":{"allow":["GET"]}}],"collection":[{"href":"https:\/\/kitas-randersacker.de\/schuelerhort\/wp-json\/wp\/v2\/pages"}],"about":[{"href":"https:\/\/kitas-randersacker.de\/schuelerhort\/wp-json\/wp\/v2\/types\/page"}],"author":[{"embeddable":true,"href":"https:\/\/kitas-randersacker.de\/schuelerhort\/wp-json\/wp\/v2\/users\/4"}],"replies":[{"embeddable":true,"href":"https:\/\/kitas-randersacker.de\/schuelerhort\/wp-json\/wp\/v2\/comments?post=182"}],"version-history":[{"count":3,"href":"https:\/\/kitas-randersacker.de\/schuelerhort\/wp-json\/wp\/v2\/pages\/182\/revisions"}],"predecessor-version":[{"id":226,"href":"https:\/\/kitas-randersacker.de\/schuelerhort\/wp-json\/wp\/v2\/pages\/182\/revisions\/226"}],"wp:attachment":[{"href":"https:\/\/kitas-randersacker.de\/schuelerhort\/wp-json\/wp\/v2\/media?parent=182"}],"curies":[{"name":"wp","href":"https:\/\/api.w.org\/{rel}","templated":true}]}}