{"id":17,"date":"2020-05-28T10:31:01","date_gmt":"2020-05-28T08:31:01","guid":{"rendered":"https:\/\/kitas-randersacker.de\/schuelerhort\/?page_id=17"},"modified":"2026-02-18T14:33:27","modified_gmt":"2026-02-18T13:33:27","slug":"startseite","status":"publish","type":"page","link":"https:\/\/kitas-randersacker.de\/schuelerhort\/","title":{"rendered":"Startseite"},"content":{"rendered":"<h1>Herzlich Willkommen auf der Website des Sch\u00fclerhorts Randersacker<\/h1>\n<p><img loading=\"lazy\" decoding=\"async\" class=\"alignnone size-full wp-image-155\" src=\"https:\/\/kitas-randersacker.de\/schuelerhort\/wp-content\/uploads\/sites\/5\/2020\/07\/Screenshot_2020-07-08-Randersacker-Schulen-e1594199323411.png\" alt=\"\" width=\"754\" height=\"520\" srcset=\"https:\/\/kitas-randersacker.de\/schuelerhort\/wp-content\/uploads\/sites\/5\/2020\/07\/Screenshot_2020-07-08-Randersacker-Schulen-e1594199323411.png 754w, https:\/\/kitas-randersacker.de\/schuelerhort\/wp-content\/uploads\/sites\/5\/2020\/07\/Screenshot_2020-07-08-Randersacker-Schulen-e1594199323411-300x207.png 300w\" sizes=\"auto, (max-width: 754px) 100vw, 754px\" \/><\/p>\n<p>Der Sch\u00fclerhort in der Volkschule Randersacker \u00f6ffnete im Schuljahr 2008\/2009 mit 24 Kindern seine Pforten. In den folgenden Jahren stieg die Zahl der Hortkinder kontinuierlich an. Wir k\u00f6nnen mittlerweile 100 genehmigte Hortpl\u00e4tze anbieten!<\/p>\n<p>Die Kinder werden derzeit in f\u00fcnf Gruppen betreut.<\/p>\n<p>Sie finden uns in den ober R\u00e4umen des Altbaus der Schule.<\/p>\n<p>Neben unseren Gruppenr\u00e4umen stehen uns auch nach Unterrichtsende viele R\u00e4umlichkeiten der Schule zur Verf\u00fcgung z.B. Turnhalle, Werkraum, usw.<\/p>\n<p>Im Pausenhof, mit seinem im Nov. 2017 neu errichteten Kletterger\u00fcst, k\u00f6nnen die Kinder nach der Schule ihrem Bewegungsdrang an frischer Luft bei den unterschiedlichsten Spielen freien Lauf lassen.<\/p>\n<p>Auch ein Fuhrpark sorgt f\u00fcr viel Spa\u00df.<\/p>\n<p>&nbsp;<\/p>\n<p>&nbsp;<\/p>\n<p style=\"text-align: center\"><a href=\"https:\/\/kitas-randersacker.de\/schuelerhort\/startseite\/banner-eierball-2025_fein\/\" rel=\"attachment wp-att-673\"><img loading=\"lazy\" decoding=\"async\" class=\"alignnone size-full wp-image-673\" src=\"https:\/\/kitas-randersacker.de\/schuelerhort\/wp-content\/uploads\/sites\/5\/2026\/02\/Banner-Eierball-2025_fein.png\" alt=\"\" width=\"1250\" height=\"2500\" srcset=\"https:\/\/kitas-randersacker.de\/schuelerhort\/wp-content\/uploads\/sites\/5\/2026\/02\/Banner-Eierball-2025_fein.png 1250w, https:\/\/kitas-randersacker.de\/schuelerhort\/wp-content\/uploads\/sites\/5\/2026\/02\/Banner-Eierball-2025_fein-150x300.png 150w, https:\/\/kitas-randersacker.de\/schuelerhort\/wp-content\/uploads\/sites\/5\/2026\/02\/Banner-Eierball-2025_fein-512x1024.png 512w, https:\/\/kitas-randersacker.de\/schuelerhort\/wp-content\/uploads\/sites\/5\/2026\/02\/Banner-Eierball-2025_fein-768x1536.png 768w, https:\/\/kitas-randersacker.de\/schuelerhort\/wp-content\/uploads\/sites\/5\/2026\/02\/Banner-Eierball-2025_fein-1024x2048.png 1024w\" sizes=\"auto, (max-width: 1250px) 100vw, 1250px\" \/><\/a><\/p>\n<p>&nbsp;<\/p>\n","protected":false},"excerpt":{"rendered":"<p>Herzlich Willkommen auf der Website des Sch\u00fclerhorts Randersacker Der Sch\u00fclerhort in der Volkschule Randersacker \u00f6ffnete im Schuljahr 2008\/2009 mit 24 Kindern seine Pforten. In den folgenden Jahren stieg die Zahl der Hortkinder kontinuierlich an. Wir k\u00f6nnen mittlerweile 100 genehmigte Hortpl\u00e4tze anbieten! Die Kinder werden derzeit in f\u00fcnf Gruppen betreut. Sie finden uns in den ober [&hellip;]<\/p>\n","protected":false},"author":1,"featured_media":0,"parent":0,"menu_order":0,"comment_status":"closed","ping_status":"closed","template":"","meta":{"_acf_changed":false,"footnotes":""},"class_list":["post-17","page","type-page","status-publish","hentry"],"acf":[],"_links":{"self":[{"href":"https:\/\/kitas-randersacker.de\/schuelerhort\/wp-json\/wp\/v2\/pages\/17","targetHints":{"allow":["GET"]}}],"collection":[{"href":"https:\/\/kitas-randersacker.de\/schuelerhort\/wp-json\/wp\/v2\/pages"}],"about":[{"href":"https:\/\/kitas-randersacker.de\/schuelerhort\/wp-json\/wp\/v2\/types\/page"}],"author":[{"embeddable":true,"href":"https:\/\/kitas-randersacker.de\/schuelerhort\/wp-json\/wp\/v2\/users\/1"}],"replies":[{"embeddable":true,"href":"https:\/\/kitas-randersacker.de\/schuelerhort\/wp-json\/wp\/v2\/comments?post=17"}],"version-history":[{"count":30,"href":"https:\/\/kitas-randersacker.de\/schuelerhort\/wp-json\/wp\/v2\/pages\/17\/revisions"}],"predecessor-version":[{"id":678,"href":"https:\/\/kitas-randersacker.de\/schuelerhort\/wp-json\/wp\/v2\/pages\/17\/revisions\/678"}],"wp:attachment":[{"href":"https:\/\/kitas-randersacker.de\/schuelerhort\/wp-json\/wp\/v2\/media?parent=17"}],"curies":[{"name":"wp","href":"https:\/\/api.w.org\/{rel}","templated":true}]}}