{"id":9,"date":"2020-05-28T10:17:55","date_gmt":"2020-05-28T08:17:55","guid":{"rendered":"https:\/\/kitas-randersacker.de\/naturkindergarten\/?page_id=9"},"modified":"2024-10-02T11:11:57","modified_gmt":"2024-10-02T09:11:57","slug":"konzeption","status":"publish","type":"page","link":"https:\/\/kitas-randersacker.de\/naturkindergarten\/konzeption\/","title":{"rendered":"Konzeption"},"content":{"rendered":"<p>Bei Interesse k\u00f6nnen Sie sich bald wieder unsere aktualisierte Konzeption durchlesen und sich ein Bild von unserer p\u00e4dagogischen Arbeit machen.<\/p>\n<p><img loading=\"lazy\" decoding=\"async\" class=\"aligncenter wp-image-189 size-full\" src=\"https:\/\/kitas-randersacker.de\/naturkindergarten\/wp-content\/uploads\/sites\/3\/2022\/07\/20220512_Naturkindergarten_bearbeitet_-12.jpg\" alt=\"\" width=\"1534\" height=\"1023\" srcset=\"https:\/\/kitas-randersacker.de\/naturkindergarten\/wp-content\/uploads\/sites\/3\/2022\/07\/20220512_Naturkindergarten_bearbeitet_-12.jpg 1534w, https:\/\/kitas-randersacker.de\/naturkindergarten\/wp-content\/uploads\/sites\/3\/2022\/07\/20220512_Naturkindergarten_bearbeitet_-12-300x200.jpg 300w, https:\/\/kitas-randersacker.de\/naturkindergarten\/wp-content\/uploads\/sites\/3\/2022\/07\/20220512_Naturkindergarten_bearbeitet_-12-1024x683.jpg 1024w, https:\/\/kitas-randersacker.de\/naturkindergarten\/wp-content\/uploads\/sites\/3\/2022\/07\/20220512_Naturkindergarten_bearbeitet_-12-768x512.jpg 768w\" sizes=\"auto, (max-width: 1534px) 100vw, 1534px\" \/><\/p>\n<p>&nbsp;<\/p>\n<p><strong>Im Folgenden sehen sie einen \u00fcblichen Tagesablauf :\u00a0<\/strong><\/p>\n<p>&nbsp;<\/p>\n<p><strong>7.30 \u2013 9.00 Uhr<\/strong> Bringzeit \/ Freispielzeit an der H\u00fctte<\/p>\n<p><strong>9.00 Uhr<\/strong> Morgenkreis &#8211; Wir begr\u00fc\u00dfen uns, singen, z\u00e4hlen die Kinder, besprechen was wir heute vorhaben\u2026<\/p>\n<p><strong>9.30 Uhr<\/strong> H\u00e4nde waschen und gemeinsames Fr\u00fchst\u00fcck<\/p>\n<p>Im Anschluss an das Fr\u00fchst\u00fcck: Freispielzeit oder Loswandern zum Tagesziel.<\/p>\n<p><strong>10.00 Uhr<\/strong> Freispielzeit \u2013 Die Kinder spielen, werkeln und \/ oder sind unterwegs.<\/p>\n<p><strong>12.20 Uhr<\/strong> Aufr\u00e4umzeit \u2013 Wir r\u00e4umen gemeinsam auf, sammeln uns und h\u00f6ren eine Geschichte, spielen ein Spiel und singen ein Abschlusslied.<\/p>\n<p>Wenn wir unterwegs waren, machen wir uns rechtzeitig auf den Weg zur\u00fcck.<\/p>\n<p><strong>13.00 Uhr<\/strong> gemeinsames Mittagessen und Abholzeit<\/p>\n<p>Anschlie\u00dfend Freispielzeit f\u00fcr die Kinder, die l\u00e4nger bleiben<\/p>\n","protected":false},"excerpt":{"rendered":"<p>Bei Interesse k\u00f6nnen Sie sich bald wieder unsere aktualisierte Konzeption durchlesen und sich ein Bild von unserer p\u00e4dagogischen Arbeit machen. &nbsp; Im Folgenden sehen sie einen \u00fcblichen Tagesablauf :\u00a0 &nbsp; 7.30 \u2013 9.00 Uhr Bringzeit \/ Freispielzeit an der H\u00fctte 9.00 Uhr Morgenkreis &#8211; Wir begr\u00fc\u00dfen uns, singen, z\u00e4hlen die Kinder, besprechen was wir heute [&hellip;]<\/p>\n","protected":false},"author":1,"featured_media":0,"parent":0,"menu_order":0,"comment_status":"closed","ping_status":"closed","template":"","meta":{"_acf_changed":false,"footnotes":""},"class_list":["post-9","page","type-page","status-publish","hentry"],"acf":[],"_links":{"self":[{"href":"https:\/\/kitas-randersacker.de\/naturkindergarten\/wp-json\/wp\/v2\/pages\/9","targetHints":{"allow":["GET"]}}],"collection":[{"href":"https:\/\/kitas-randersacker.de\/naturkindergarten\/wp-json\/wp\/v2\/pages"}],"about":[{"href":"https:\/\/kitas-randersacker.de\/naturkindergarten\/wp-json\/wp\/v2\/types\/page"}],"author":[{"embeddable":true,"href":"https:\/\/kitas-randersacker.de\/naturkindergarten\/wp-json\/wp\/v2\/users\/1"}],"replies":[{"embeddable":true,"href":"https:\/\/kitas-randersacker.de\/naturkindergarten\/wp-json\/wp\/v2\/comments?post=9"}],"version-history":[{"count":8,"href":"https:\/\/kitas-randersacker.de\/naturkindergarten\/wp-json\/wp\/v2\/pages\/9\/revisions"}],"predecessor-version":[{"id":241,"href":"https:\/\/kitas-randersacker.de\/naturkindergarten\/wp-json\/wp\/v2\/pages\/9\/revisions\/241"}],"wp:attachment":[{"href":"https:\/\/kitas-randersacker.de\/naturkindergarten\/wp-json\/wp\/v2\/media?parent=9"}],"curies":[{"name":"wp","href":"https:\/\/api.w.org\/{rel}","templated":true}]}}