{"id":33,"date":"2020-05-28T10:29:41","date_gmt":"2020-05-28T08:29:41","guid":{"rendered":"https:\/\/kitas-randersacker.de\/kita\/?page_id=33"},"modified":"2026-02-19T10:37:47","modified_gmt":"2026-02-19T09:37:47","slug":"aktuelles","status":"publish","type":"page","link":"https:\/\/kitas-randersacker.de\/kita\/aktuelles\/","title":{"rendered":"Aktuelles"},"content":{"rendered":"<p><b><span style=\"font-size: x-large\">Kinderkleidermarkt Randersacker Fr\u00fchling 2026<\/span><\/b><br \/>\nDer n\u00e4chste Kinderkleidermarkt des Elternbeirats ist f\u00fcr Sonntag, den 15.03.2026 von 13 \u2013 15 Uhr in der Sportanlage am Sonnenstuhl in Randersacker geplant.<\/p>\n<p>F\u00fcr den Verkauf am Kinderkleidermarkt bitte Folgendes beachten:<\/p>\n<ul>\n<li>Jedem Verk\u00e4ufer wird ein Tisch bereitgestellt.<\/li>\n<li>Die Biertische sind bereits aufgebaut. Beim Abbau m\u00f6chten wir Sie bitten, den Biertisch selbst zusammenzulegen.<\/li>\n<li>Die Kosten pro Tisch liegen bei 12 Euro, erfolgt eine Kuchenspende erfolgt ein Preisnachlass der Tischgeb\u00fchr um 5 Euro.<\/li>\n<li>Die Tischgeb\u00fchr wird im Verlauf des Kinderkleidermarktes eingesammelt. Bitte halten Sie die Geb\u00fchr passend bereit.<\/li>\n<li>Absagen werden bis Mittwoch vor dem Kinderkleidermarkt \u2013 12:00 Uhr \u2013 angenommen. Die freigewordenen Tische werden dann ab Mittwochabend den Nachr\u00fcckern sukzessive angeboten. Bei sp\u00e4teren Absagen oder bei Nichtantritt eines zugewiesenen Tisches sind die Ausfallkosten zu zahlen.<\/li>\n<li>Einlass f\u00fcr die Verk\u00e4ufer zum Best\u00fccken der Tische erfolgt ab 11:15 Uhr.<\/li>\n<\/ul>\n<p>Der Kinderflohmarkt findet in der Mitte der Halle der Sportanlage Sonnenstuhl statt. Hierf\u00fcr bitte eine Decke mitbringen. Eine separate Anmeldung f\u00fcr den Kinderflohmarkt ist nicht erforderlich, auch entstehen in diesem Zusammenhang keine Kosten. Es ist jedoch zu ber\u00fccksichtigen, dass keine Kleider oder auch Schuhe im Rahmen der KINDERFLOHmarktes verkauft werden sollten. Hierf\u00fcr m\u00f6chten wir auf den Kinderkleidermarkt (Informationen siehe oben) verweisen. Wir m\u00f6chten ebenso darauf hinweisen, dass grunds\u00e4tzlich kein Anspruch auf einen Platz am Kinderflohmarkt besteht. Es gilt &#8222;wer zuerst kommt, mahlt zuerst!&#8220;<br \/>\nF\u00fcr den Kinderflohmarkt k\u00f6nnen Sie ab 11:15 Uhr in die Halle zum Aufbau kommen.<\/p>\n","protected":false},"excerpt":{"rendered":"<p>Kinderkleidermarkt Randersacker Fr\u00fchling 2026 Der n\u00e4chste Kinderkleidermarkt des Elternbeirats ist f\u00fcr Sonntag, den 15.03.2026 von 13 \u2013 15 Uhr in der Sportanlage am Sonnenstuhl in Randersacker geplant. F\u00fcr den Verkauf am Kinderkleidermarkt bitte Folgendes beachten: Jedem Verk\u00e4ufer wird ein Tisch bereitgestellt. Die Biertische sind bereits aufgebaut. Beim Abbau m\u00f6chten wir Sie bitten, den Biertisch selbst [&hellip;]<\/p>\n","protected":false},"author":1,"featured_media":0,"parent":0,"menu_order":0,"comment_status":"closed","ping_status":"closed","template":"","meta":{"_acf_changed":false,"footnotes":""},"class_list":["post-33","page","type-page","status-publish","hentry"],"acf":[],"_links":{"self":[{"href":"https:\/\/kitas-randersacker.de\/kita\/wp-json\/wp\/v2\/pages\/33","targetHints":{"allow":["GET"]}}],"collection":[{"href":"https:\/\/kitas-randersacker.de\/kita\/wp-json\/wp\/v2\/pages"}],"about":[{"href":"https:\/\/kitas-randersacker.de\/kita\/wp-json\/wp\/v2\/types\/page"}],"author":[{"embeddable":true,"href":"https:\/\/kitas-randersacker.de\/kita\/wp-json\/wp\/v2\/users\/1"}],"replies":[{"embeddable":true,"href":"https:\/\/kitas-randersacker.de\/kita\/wp-json\/wp\/v2\/comments?post=33"}],"version-history":[{"count":3,"href":"https:\/\/kitas-randersacker.de\/kita\/wp-json\/wp\/v2\/pages\/33\/revisions"}],"predecessor-version":[{"id":684,"href":"https:\/\/kitas-randersacker.de\/kita\/wp-json\/wp\/v2\/pages\/33\/revisions\/684"}],"wp:attachment":[{"href":"https:\/\/kitas-randersacker.de\/kita\/wp-json\/wp\/v2\/media?parent=33"}],"curies":[{"name":"wp","href":"https:\/\/api.w.org\/{rel}","templated":true}]}}