{"id":209,"date":"2020-07-08T09:23:16","date_gmt":"2020-07-08T07:23:16","guid":{"rendered":"https:\/\/kitas-randersacker.de\/kita\/?page_id=209"},"modified":"2020-07-08T09:24:34","modified_gmt":"2020-07-08T07:24:34","slug":"grundsaetze-und-leitziele","status":"publish","type":"page","link":"https:\/\/kitas-randersacker.de\/kita\/konzeption\/grundsaetze-und-leitziele\/","title":{"rendered":"Grunds\u00e4tze und Leitziele"},"content":{"rendered":"<p><strong>Unser Bild vom Kind<\/strong><\/p>\n<ul>\n<li>Ich bin von Anfang an eine individuelle und vollwertige Pers\u00f6nlichkeit.<\/li>\n<li>Ich m\u00f6chte mit meinen pers\u00f6nlichen Eigenheiten bedingungslos akzeptiert und respektiert werden.<\/li>\n<li>Ich brauche sichere Bindung.<\/li>\n<li>Ich m\u00f6chte mit und von meinen Erzieherinnen lernen.<\/li>\n<li>Ich m\u00f6chte selbstbestimmt und selbstt\u00e4tig handeln.<\/li>\n<li>Ich bin von Geburt an neugierig und habe Kompetenzen, die ich weiterentwickeln, ausbauen und verfestigen m\u00f6chte.<\/li>\n<li>Ich m\u00f6chte eine Umgebung, die micht inspiriert und zum Spielen anregt.<\/li>\n<\/ul>\n<p><strong>Unsere Leitziele<\/strong><\/p>\n<ul>\n<li>Gemeinsames Ziel der Erziehungs- und Bildungspartnerschaft ist die optimale Entwicklung und Entfaltung jedes Kindes.<\/li>\n<li>Partizipation und Kooperation wird bei uns gro\u00dfgeschrieben.<\/li>\n<li>Wir unterst\u00fctzen Ihr Kind, damit es sich individuell entwickeln kann.<\/li>\n<li>Wir sind Vorbild und aufmerksamer Begleiter jedes Kindes.<\/li>\n<li>Wir respektieren die Individualit\u00e4t jedes einzelnen Kindes und sein Recht auf Spielen, Lernen und Bildung.<\/li>\n<li>Wir bringen jedem Kind Wertsch\u00e4tzung und Achtung entgegen.<\/li>\n<li>Wir legen Wert auf eine vertrauensvolle und partnerschaftliche Atmosph\u00e4re.<\/li>\n<li>Wir pflegen einen partnerschaftlichen, respektvollen Umgang mit allen Eltern.<\/li>\n<li>Selbstreflexion unserer Arbeit und unseres Verhaltens ist uns wichtig.<\/li>\n<li>Wir beraten die Eltern fachlich kompetent und sind ihnen stets ein Ansprechpartner.<\/li>\n<\/ul>\n","protected":false},"excerpt":{"rendered":"<p>Unser Bild vom Kind Ich bin von Anfang an eine individuelle und vollwertige Pers\u00f6nlichkeit. Ich m\u00f6chte mit meinen pers\u00f6nlichen Eigenheiten bedingungslos akzeptiert und respektiert werden. Ich brauche sichere Bindung. Ich m\u00f6chte mit und von meinen Erzieherinnen lernen. Ich m\u00f6chte selbstbestimmt und selbstt\u00e4tig handeln. Ich bin von Geburt an neugierig und habe Kompetenzen, die ich weiterentwickeln, [&hellip;]<\/p>\n","protected":false},"author":2,"featured_media":0,"parent":20,"menu_order":0,"comment_status":"closed","ping_status":"closed","template":"","meta":{"_acf_changed":false,"footnotes":""},"class_list":["post-209","page","type-page","status-publish","hentry"],"acf":[],"_links":{"self":[{"href":"https:\/\/kitas-randersacker.de\/kita\/wp-json\/wp\/v2\/pages\/209","targetHints":{"allow":["GET"]}}],"collection":[{"href":"https:\/\/kitas-randersacker.de\/kita\/wp-json\/wp\/v2\/pages"}],"about":[{"href":"https:\/\/kitas-randersacker.de\/kita\/wp-json\/wp\/v2\/types\/page"}],"author":[{"embeddable":true,"href":"https:\/\/kitas-randersacker.de\/kita\/wp-json\/wp\/v2\/users\/2"}],"replies":[{"embeddable":true,"href":"https:\/\/kitas-randersacker.de\/kita\/wp-json\/wp\/v2\/comments?post=209"}],"version-history":[{"count":2,"href":"https:\/\/kitas-randersacker.de\/kita\/wp-json\/wp\/v2\/pages\/209\/revisions"}],"predecessor-version":[{"id":212,"href":"https:\/\/kitas-randersacker.de\/kita\/wp-json\/wp\/v2\/pages\/209\/revisions\/212"}],"up":[{"embeddable":true,"href":"https:\/\/kitas-randersacker.de\/kita\/wp-json\/wp\/v2\/pages\/20"}],"wp:attachment":[{"href":"https:\/\/kitas-randersacker.de\/kita\/wp-json\/wp\/v2\/media?parent=209"}],"curies":[{"name":"wp","href":"https:\/\/api.w.org\/{rel}","templated":true}]}}