{"id":195,"date":"2020-07-08T08:57:24","date_gmt":"2020-07-08T06:57:24","guid":{"rendered":"https:\/\/kitas-randersacker.de\/kita\/?page_id=195"},"modified":"2020-07-08T08:57:24","modified_gmt":"2020-07-08T06:57:24","slug":"erziehungs-und-bildungspartnerschaft","status":"publish","type":"page","link":"https:\/\/kitas-randersacker.de\/kita\/konzeption\/erziehungs-und-bildungspartnerschaft\/","title":{"rendered":"Erziehungs- und Bildungspartnerschaft"},"content":{"rendered":"<p>F\u00fcr uns ist Erziehungs- und Bildungspartnerschaft ein grundlegender Pfeiler unserer t\u00e4glichen p\u00e4dagogischen Arbeit.<\/p>\n<p>Eltern sind die Experten ihres Kindes und bringen viel Wissen und Vorerfahrungen in die Kita mit. Vermischt mit unserem p\u00e4dagogischem Fachwissen erh\u00e4lt das Kind die bestm\u00f6glichen Voraussetzungen f\u00fcr eine gute Entwicklung. Das bedeutet aber auch, dass beide Parteien f\u00fcr die Entwicklung des Kindes zust\u00e4ndig sind und daf\u00fcr Verantwortung tragen. F\u00fcr uns ist Erziehungspartnerschaft eine Zusammenarbeit auf Augenh\u00f6he.<\/p>\n<p>Eine Partnerschaft w\u00e4chst und entwickelt sich stetig weiter. Voraussetzung daf\u00fcr ist ein offenes, vertrauensvolles und wertsch\u00e4tzendes Miteinander der Erzieherinnen und Eltern. Wir nehmen die Anliegen der Eltern ernst, gehen auf ihre Bed\u00fcrfnisse ein und wollen gemeinsam mit ihnen eine L\u00f6sung finden.<\/p>\n<p>Dabei steht das Wohlergehen des Kindes f\u00fcr uns immer im Mittelpunkt.<\/p>\n<p>Formen unserer Zusammenarbeit:<\/p>\n<ul>\n<li>Informationselternabende<\/li>\n<li>P\u00e4dagogische Elternabende<\/li>\n<li>Entwicklungsgespr\u00e4che<\/li>\n<li>T\u00fcr- und Angelgespr\u00e4che<\/li>\n<li>Hospitation<\/li>\n<li>Begr\u00fc\u00dfungsgespr\u00e4che<\/li>\n<li>\u00dcbergabegespr\u00e4che<\/li>\n<li>Unterschiedliche Veranstaltungen wie z.B. Tag der offenen T\u00fcr, Sommerfest<\/li>\n<\/ul>\n<p>&nbsp;<\/p>\n<p><strong>Der<\/strong><strong> Elternbeirat<\/strong><\/p>\n<p>Der Elternbeirat der Kita Randersacker setzt sich aus Eltern zusammen, deren oberstes Ziel das Wohl aller Kinder der Kita ist.<\/p>\n<p>Um dieses Wohl zu erhalten und zu vergr\u00f6\u00dfern, m\u00f6chte der Elternbeirat alle Menschen, die mit der Kita zu tun haben, unterst\u00fctzen. Hierzu arbeiten wir eng mit den Erziehern zusammen um herauszufinden, wo Hilfe ben\u00f6tigt wird und wie sie am sinnvollsten eingesetzt werden kann.<\/p>\n<p>Der Elternbeirat vermittelt zwischen Eltern und Kita und ist ein Ansprechpartner f\u00fcr alle Belange und Probleme.<\/p>\n<p>Wir sind der \u00dcberzeugung, dass sich die Zufriedenheit und Wertsch\u00e4tzung des Kitapersonals direkt auf das Wohl der Kinder \u00fcbertr\u00e4gt und daher ein Grundpfeiler unserer Arbeit sein muss.<\/p>\n","protected":false},"excerpt":{"rendered":"<p>F\u00fcr uns ist Erziehungs- und Bildungspartnerschaft ein grundlegender Pfeiler unserer t\u00e4glichen p\u00e4dagogischen Arbeit. Eltern sind die Experten ihres Kindes und bringen viel Wissen und Vorerfahrungen in die Kita mit. Vermischt mit unserem p\u00e4dagogischem Fachwissen erh\u00e4lt das Kind die bestm\u00f6glichen Voraussetzungen f\u00fcr eine gute Entwicklung. Das bedeutet aber auch, dass beide Parteien f\u00fcr die Entwicklung des [&hellip;]<\/p>\n","protected":false},"author":2,"featured_media":0,"parent":20,"menu_order":0,"comment_status":"closed","ping_status":"closed","template":"","meta":{"_acf_changed":false,"footnotes":""},"class_list":["post-195","page","type-page","status-publish","hentry"],"acf":[],"_links":{"self":[{"href":"https:\/\/kitas-randersacker.de\/kita\/wp-json\/wp\/v2\/pages\/195","targetHints":{"allow":["GET"]}}],"collection":[{"href":"https:\/\/kitas-randersacker.de\/kita\/wp-json\/wp\/v2\/pages"}],"about":[{"href":"https:\/\/kitas-randersacker.de\/kita\/wp-json\/wp\/v2\/types\/page"}],"author":[{"embeddable":true,"href":"https:\/\/kitas-randersacker.de\/kita\/wp-json\/wp\/v2\/users\/2"}],"replies":[{"embeddable":true,"href":"https:\/\/kitas-randersacker.de\/kita\/wp-json\/wp\/v2\/comments?post=195"}],"version-history":[{"count":1,"href":"https:\/\/kitas-randersacker.de\/kita\/wp-json\/wp\/v2\/pages\/195\/revisions"}],"predecessor-version":[{"id":196,"href":"https:\/\/kitas-randersacker.de\/kita\/wp-json\/wp\/v2\/pages\/195\/revisions\/196"}],"up":[{"embeddable":true,"href":"https:\/\/kitas-randersacker.de\/kita\/wp-json\/wp\/v2\/pages\/20"}],"wp:attachment":[{"href":"https:\/\/kitas-randersacker.de\/kita\/wp-json\/wp\/v2\/media?parent=195"}],"curies":[{"name":"wp","href":"https:\/\/api.w.org\/{rel}","templated":true}]}}