{"id":188,"date":"2020-07-08T08:40:55","date_gmt":"2020-07-08T06:40:55","guid":{"rendered":"https:\/\/kitas-randersacker.de\/kita\/?page_id=188"},"modified":"2020-07-09T11:46:18","modified_gmt":"2020-07-09T09:46:18","slug":"themen-aus-dem-bildungs-und-erziehungsplan","status":"publish","type":"page","link":"https:\/\/kitas-randersacker.de\/kita\/konzeption\/themen-aus-dem-bildungs-und-erziehungsplan\/","title":{"rendered":"Themen aus dem Bildungs- und Erziehungsplan"},"content":{"rendered":"<p><strong>Werteorientierung und Religiosit\u00e4t<\/strong><\/p>\n<p>F\u00fcr ein soziales Miteinander ist uns eine Grundhaltung des Staunens, Dankens und Bittens wichtig.<\/p>\n<p>F\u00fcr uns ist jeder Mensch in seiner Individualit\u00e4t einzigartig und wir bringen allen Achtung und Toleranz entgegen.<\/p>\n<p>Verschiedenheit ist eine Bereicherung unserer Gemeinschaft, deshalb freuen wir uns, Familien aus verschiedenen Kulturen und Religionen bei uns zu haben.<\/p>\n<p>Wir feiern mit den Kindern die religi\u00f6sen Feste im Jahreskreislauf, zum Beispiel Erntedank, St. Martin, Weihnachten oder Ostern.<\/p>\n<p>Die Geburtstagsfeiern sind f\u00fcr uns wichtige Rituale. Wir nutzen sie, um jedes einzelne Kind wertzusch\u00e4tzen.<\/p>\n<p>&nbsp;<\/p>\n<p><strong>Emotionalit\u00e4t,<\/strong><strong> soziale Beziehungen und Konflikte<\/strong><\/p>\n<p>Um die Welt zu erforschen und sich Neuem zuzuwenden, brauchen Kinder positive und stabile Beziehungen, in denen sie Sicherheit und Anerkennung erfahren.<\/p>\n<p>Eine sichere Bindung ist Voraussetzung, dass ein Kind soziale und emotionale Kompetenzen erwirbt und sich in Gemeinschaften integriert.<\/p>\n<p>Deswegen ist uns von Anfang an wichtig eine gute Beziehung zu jedem Kind aufzubauen.<\/p>\n<p>Wir geben den Kindern Zeit und Raum, um ihre Gef\u00fchle zu \u00e4u\u00dfern, Gef\u00fchle anderer zu verstehen und empathisch zu sein.<\/p>\n<p>Konflikte sind f\u00fcr uns ein wichtiges \u00dcbungsfeld, um gemeinsam L\u00f6sungen zu finden, Nachsicht zu \u00fcben und sich eigene Fehler einzugestehen. Hierf\u00fcr ist f\u00fcr uns ein respektvoller Umgang miteinander selbstverst\u00e4ndlich.<\/p>\n<p>Zum Erwerb der erforderlichen sozialen Kompetenzen bietet unser Tagesablauf vielf\u00e4ltige M\u00f6glichkeiten, zum Beispiel w\u00e4hrend der Freispielzeit, beim gemeinsamen Spielen aller Gruppen im Au\u00dfenbereich und bei demokratischen Entscheidungen. Wir sind dabei achtsame Begleiter und Unterst\u00fctzer.<\/p>\n<p>&nbsp;<\/p>\n<p><strong>Sprache<\/strong><strong> und Literacy \u2013 Lese- und Schreibkompetenz<\/strong><\/p>\n<p>Kinder haben ein gro\u00dfes Bed\u00fcrfnis sich mitzuteilen und bringen eine gro\u00dfe Sprechfreude mit.<\/p>\n<p>Kommunikation ist die Basis f\u00fcr ein soziales Zusammenleben. Deshalb ist f\u00fcr uns Sprachf\u00f6rderung ein wichtiger Bestandteil unserer t\u00e4glichen Arbeit. Hierbei sind wir immer Sprachvorbilder.<\/p>\n<p>Wir f\u00f6rdern den Dialog untereinander beispielsweise im Morgenkreis, bei Konflikten und in Kleingruppen.<\/p>\n<p>Wir legen Wert auf eine angenehme, sprachanregende und ruhige Atmosph\u00e4re.<\/p>\n<p>Wir f\u00f6rdern die Sprechfreude durch B\u00fccher, Lieder, Reime, Geschichten, Fingerspiele usw.<\/p>\n<p>Von gro\u00dfer Bedeutung f\u00fcr die Sprachentwicklung ist die Kommunikation der Kinder untereinander im Freispiel. Sowohl in der Puppenecke als auch in der Bauecke oder im Garten werden Regeln ausgehandelt, Konflikte gel\u00f6st, Spielthemen gefunden und viele Dialoge gef\u00fchrt.<\/p>\n<p>Der \u201eVorkurs Deutsch\u201c ist f\u00fcr Kinder, welche in ihrer sprachlichen Entwicklung zus\u00e4tzliche Unterst\u00fctzung ben\u00f6tigen. Er findet j\u00e4hrlich statt. Die Anzahl der Kinder mit F\u00f6rderbedarf entscheidet, ob der Vorkurs in Zusammenarbeit mit der Grundschule oder intern bei uns in der Kita stattfindet.<\/p>\n<p>H\u00f6ren-Lauschen-Lernen (HLL) ist ein Programm f\u00fcr unsere Vorschulkinder. Anhand von verschiedenen \u00dcbungen bekommen die Kinder auf spielerische Art und Weise ein Gef\u00fchl f\u00fcr S\u00e4tze und Worte. Sie lernen Begriffe zu lautieren und haben somit einen leichteren Einstieg f\u00fcr den sp\u00e4teren Schriftspracherwerb. HLL findet bei uns regelm\u00e4\u00dfig (zwei- bis dreimal in der Woche) statt. Jede Gruppe plant individuell den Ablauf des Programms.<\/p>\n<p>&nbsp;<\/p>\n<p><strong>Medien<\/strong><\/p>\n<p>Die Kita Randersacker m\u00f6chte bewusst ein Gegengewicht zur Medienflut unserer heutigen Zeit setzen. Deshalb liegt bei uns der Schwerpunkt auf Printmedien wie beispielsweise Brosch\u00fcren, B\u00fccher, Zeitschriften usw.<\/p>\n<p>Nat\u00fcrlich setzen wir auch technische Medien ein, um den Kindern den altersentsprechenden Umgang aufzuzeigen.<\/p>\n<p>Wir h\u00f6ren H\u00f6rspiele und Lieder, recherchieren im Internet gemeinsam mit den Kindern zu Projekten und schauen uns wertvolle p\u00e4dagogische Filme an.<\/p>\n<p>&nbsp;<\/p>\n<p><strong>Mathematik<\/strong><\/p>\n<p>Kinder wachsen in einer Welt voller Mathematik auf. Sie bringen ein nat\u00fcrliches Interesse an geometrischen Formen, Zahlen und Mengen mit, die \u00fcberall zu entdecken sind.<\/p>\n<p>Vergleichen, Sortieren und Z\u00e4hlen macht schon den J\u00fcngsten viel Freude und ist mit vielen Erfolgserlebnissen verbunden.<\/p>\n<p>F\u00fcr sp\u00e4tere Lernprozesse ist es von gro\u00dfer Bedeutung, dass die Kinder spielerisch mit allen Sinnen experimentieren und dabei einen kreativen und freudigen Umgang entwickeln.<\/p>\n<p>Wir leben die Mathematik in unserem Alltag wie zum Beispiel<\/p>\n<ul>\n<li>das Z\u00e4hlen der anwesenden Kinder im Morgenkreis<\/li>\n<li>Gruppen bilden<\/li>\n<li>Abz\u00e4hlreime<\/li>\n<\/ul>\n<p>T\u00e4glich k\u00f6nnen die Kinder im Freispiel mit vielf\u00e4ltigem mathematischem Material spielen und arbeiten.<\/p>\n<p>F\u00fcr unsere Zahlenland- und Vorschulkinder f\u00fchren wir einmal im Jahr ein besonderes Projekt zum Thema Mathematik durch.<\/p>\n<p>&nbsp;<\/p>\n<p><strong>Naturwissenschaften<\/strong><strong> und Technik<\/strong><\/p>\n<p>Kinder sind von Geburt an neugierig und an Naturph\u00e4nomenen interessiert.<\/p>\n<p>Sie haben Spa\u00df am Beobachten, Forschen und Experimentieren und erschlie\u00dfen sich dadurch die Welt.<\/p>\n<p>F\u00fcr uns ist es eine wichtige Aufgabe, das nat\u00fcrliche Interesse an Technik und Naturwissenschaft durch attraktive Lernangebote und Experimente wach zu halten.<\/p>\n<p>Wichtig hierbei ist es uns auf die Fragen (z.B. \u201eWie funktioniert das?\u201c) und Themen der Kinder einzugehen und gemeinsam mit ihnen Antworten zu finden.<\/p>\n<p>Wir bieten eine anregende Umgebung zum aktiv selbstst\u00e4ndigen Handeln, Experimentieren und Forschen.<\/p>\n<p>&nbsp;<\/p>\n<p><strong>Umwelt<\/strong><\/p>\n<p>Wir wollen den Kindern die nat\u00fcrliche Sch\u00f6nheit der Umwelt zeigen. Ihre Flora und Fauna bringt uns gemeinsam immer wieder zum Staunen.<\/p>\n<p>Ein verantwortungsvoller Umgang mit unserer Umwelt und den nat\u00fcrlichen Ressourcen wird in der heutigen Zeit immer wichtiger.<\/p>\n<p>Durch Spazierg\u00e4nge erm\u00f6glichen wir den Kindern Naturerfahrungen mit allen Sinnen. Wichtig ist uns hierbei ein wertsch\u00e4tzender und respektvoller Umgang mit der Natur. Daraus entwickelt sich ein \u00f6kologisches Verantwortungsgef\u00fchl.<\/p>\n<p>Wir beobachten achtsam Umwelt und Naturvorg\u00e4nge mit den Kindern, vertiefen diese in Gespr\u00e4chen, um den Kindern die Natur n\u00e4her zu bringen.<\/p>\n<p>Beispiele daf\u00fcr sind:<\/p>\n<ul>\n<li>Wetterbeobachtungen<\/li>\n<li>Hochbeet<\/li>\n<li>Besuch auf dem Bauernhof\/Tierpark<\/li>\n<\/ul>\n<p>Daraus ergibt sich f\u00fcr uns die Wichtigkeit der F\u00f6rderung eines Umweltbewusstseins der Kinder und des Umweltschutzes.<\/p>\n<p>Beispiele daf\u00fcr sind:<\/p>\n<ul>\n<li>M\u00fclltrennung<\/li>\n<li>Papierverschwendung<\/li>\n<li>Team Orange<\/li>\n<li>Lichter ausmachen<\/li>\n<\/ul>\n<p>&nbsp;<\/p>\n<p><strong>\u00c4sthetik,<\/strong><strong> Kunst und Kultur<\/strong><\/p>\n<p>Die Kinder erkunden und erschlie\u00dfen von Geburt an ihre Umwelt mit allen Sinnen. Sie zeigen uns mit ihren bildlichen \u00c4u\u00dferungen ihre Sicht der Welt. Wir st\u00e4rken ihre Neugierde, Lust und Freude am eigenen, sch\u00f6pferischen Tun. So erm\u00f6glichen wir ihnen die Entfaltung ihrer Pers\u00f6nlichkeit und die Weiterentwicklung ihrer kommunikativen, gestalterischen und handwerklichen F\u00e4higkeiten.<\/p>\n<p>F\u00fcr uns ist es wichtig, dass die Kinder Wertsch\u00e4tzung, Anerkennung, Spa\u00df und Gestaltungslust erleben. Dies sind Voraussetzungen f\u00fcr kreatives, phantasievolles Spielen, Arbeiten und Lernen.<\/p>\n<p>Wir erm\u00f6glichen den Erwerb von Grundkenntnissen im Umgang mit Farben und Formen durch ein vielf\u00e4ltiges Angebot kreativer Materialien, Werkzeugen und Techniken.<\/p>\n<p>Jeder Gruppenraum bietet vielf\u00e4ltige M\u00f6glichkeiten und gen\u00fcgend Platz zum sch\u00f6pferischen, kreativen Gestalten:<\/p>\n<ul>\n<li>Mal- und Bastelecke mit unterschiedlichem, frei zug\u00e4nglichem Material<\/li>\n<li>verschiedene Ausdrucksm\u00f6glichkeiten B. Malen an der Staffelei, Tafel, gro\u00dffl\u00e4chig oder auf verschiedenem Papier<\/li>\n<li>Sandwanne, Knet, Ton<\/li>\n<li>Naturmaterial zum Anschauen und Gestalten<\/li>\n<li>Experimente<\/li>\n<li>vielf\u00e4ltige M\u00f6glichkeiten, um mit Farben und Formen Erfahrungen zu sammeln (Perlen, Muster- und Legespiele)<\/li>\n<li>gelegentliche Theater- und Museumsbesuche<\/li>\n<li>Rollenspiele und Theaterst\u00fccke der Kinder<\/li>\n<\/ul>\n<p>&nbsp;<\/p>\n<p><strong>Musik<\/strong><\/p>\n<p>Musik spielt bei Kindern von Geburt an eine sehr gro\u00dfe Rolle. Von Beginn an sind sie mit gro\u00dfer Freude an Ger\u00e4uschen, T\u00f6nen und Kl\u00e4ngen in ihrer Umgebung interessiert.<\/p>\n<p>H\u00f6ren Kinder Musik, setzen sie diese spontan in Bewegung und Tanz um.<\/p>\n<p>Musik f\u00f6rdert Ausdruck, Fantasie, Kreativit\u00e4t, Sprache, aufmerksames Zuh\u00f6ren und das K\u00f6rperbewusstsein. Sie entspannt, bringt Lebensfreude und tr\u00e4gt zur Ausgeglichenheit bei.<\/p>\n<p>Wir singen mit den Kindern z.B. im Morgenkreis, beim Spazierengehen oder im Garten.<\/p>\n<p>Unsere Feste (wie zum Beispiel Sankt Martin,\u00a0 Sommerfest) untermalen die Kinder gerne mit gemeinsamen Liedern.<\/p>\n<p>Au\u00dferdem bedanken wir uns gerne mit einge\u00fcbten Liedern, beispielsweise am Zahngesundheitstag.<\/p>\n<p>Das gemeinsame Singen im Foyer (mit allen 7 Gruppen) ist immer besonders sch\u00f6n. Dies f\u00f6rdert unsere Kitagemeinschaft und die soziale Kompetenz jedes Einzelnen.<\/p>\n<p>&nbsp;<\/p>\n<p><strong>Bewegung,<\/strong><strong> Rhythmik, Tanz und Sport<\/strong><\/p>\n<p>Bewegung ist vor allem im Kindesalter eine grundlegende Ausdrucks- und Bet\u00e4tigungsform. Die Kinder haben einen nat\u00fcrlichen Bewegungsdrang. Sie bewegen sich mit gro\u00dfer Freude, erschlie\u00dfen sich dadurch die Umwelt und lernen sich und ihren K\u00f6rper sowie ihre F\u00e4higkeiten besser kennen.<\/p>\n<p>Durch Bewegung treten Kinder mit anderen Personen in Kontakt und st\u00e4rken ihr Selbstvertrauen, ihre Eigenverantwortung, ihre Selbstt\u00e4tigkeit und ihren Teamgeist.<\/p>\n<p>Motorik st\u00e4rkt au\u00dferdem das positive K\u00f6rperbewusstsein, die Gesundheit und Leistungsf\u00e4higkeit und ist ein Mittel zum Abbau von Aggressionen.<\/p>\n<p>Die Kinder lernen an den Bewegungstagen, dass es Regeln gibt, die eingehalten werden m\u00fcssen. Sie entwickeln verschiedene L\u00f6sungsstrategien, \u00fcben sich in R\u00fccksicht und lernen Verantwortung f\u00fcr sich, ihre Mitmenschen und die Materialien zu \u00fcbernehmen.<\/p>\n<p>Bei uns d\u00fcrfen die Kinder ihre Bewegungsfreude ausleben.<\/p>\n<p>Wir gehen jeden Tag nach drau\u00dfen. Bei uns im Hof k\u00f6nnen sie verschiedene Fahrzeuge ausprobieren, klettern oder eigene Bewegungsspiele entdecken. Im Garten haben die Kinder die M\u00f6glichkeit, sich am Kletterger\u00fcst auszuprobieren, Fu\u00dfball zu spielen, zu schaukeln usw.<\/p>\n<p>Am Bewegungstag (jede Gruppe hat einen anderen Tag) gehen die Kinder in der Natur spazieren, um dort mit allen Sinnen ihren nat\u00fcrlichen Drang zur Bewegung auszuleben. Im Turnsaal k\u00f6nnen die Kinder die verschiedenen Sportger\u00e4te entdecken, ihr Gleichgewicht schulen, Rhythmik erleben und in Gruppenspielen soziale Kompetenzen erlernen.<\/p>\n","protected":false},"excerpt":{"rendered":"<p>Werteorientierung und Religiosit\u00e4t F\u00fcr ein soziales Miteinander ist uns eine Grundhaltung des Staunens, Dankens und Bittens wichtig. F\u00fcr uns ist jeder Mensch in seiner Individualit\u00e4t einzigartig und wir bringen allen Achtung und Toleranz entgegen. Verschiedenheit ist eine Bereicherung unserer Gemeinschaft, deshalb freuen wir uns, Familien aus verschiedenen Kulturen und Religionen bei uns zu haben. Wir [&hellip;]<\/p>\n","protected":false},"author":2,"featured_media":0,"parent":20,"menu_order":3,"comment_status":"closed","ping_status":"closed","template":"","meta":{"_acf_changed":false,"footnotes":""},"class_list":["post-188","page","type-page","status-publish","hentry"],"acf":[],"_links":{"self":[{"href":"https:\/\/kitas-randersacker.de\/kita\/wp-json\/wp\/v2\/pages\/188","targetHints":{"allow":["GET"]}}],"collection":[{"href":"https:\/\/kitas-randersacker.de\/kita\/wp-json\/wp\/v2\/pages"}],"about":[{"href":"https:\/\/kitas-randersacker.de\/kita\/wp-json\/wp\/v2\/types\/page"}],"author":[{"embeddable":true,"href":"https:\/\/kitas-randersacker.de\/kita\/wp-json\/wp\/v2\/users\/2"}],"replies":[{"embeddable":true,"href":"https:\/\/kitas-randersacker.de\/kita\/wp-json\/wp\/v2\/comments?post=188"}],"version-history":[{"count":3,"href":"https:\/\/kitas-randersacker.de\/kita\/wp-json\/wp\/v2\/pages\/188\/revisions"}],"predecessor-version":[{"id":254,"href":"https:\/\/kitas-randersacker.de\/kita\/wp-json\/wp\/v2\/pages\/188\/revisions\/254"}],"up":[{"embeddable":true,"href":"https:\/\/kitas-randersacker.de\/kita\/wp-json\/wp\/v2\/pages\/20"}],"wp:attachment":[{"href":"https:\/\/kitas-randersacker.de\/kita\/wp-json\/wp\/v2\/media?parent=188"}],"curies":[{"name":"wp","href":"https:\/\/api.w.org\/{rel}","templated":true}]}}