{"id":161,"date":"2020-06-10T12:11:04","date_gmt":"2020-06-10T10:11:04","guid":{"rendered":"https:\/\/kitas-randersacker.de\/kita\/?page_id=161"},"modified":"2022-02-22T11:10:28","modified_gmt":"2022-02-22T10:10:28","slug":"tagesaublauf-der-kita","status":"publish","type":"page","link":"https:\/\/kitas-randersacker.de\/kita\/konzeption\/tagesaublauf-der-kita\/","title":{"rendered":"Tagesablauf der Kita"},"content":{"rendered":"<p>Fr\u00fchdienst: Kindergartenkinder k\u00f6nnen ab 7:15 Uhr, unsere B\u00e4rchenkinder ab 7:30 Uhr gebracht werden.<\/p>\n<p>Ab 8:00 Uhr gehen die Kinder in ihre jeweiligen Gruppen.<\/p>\n<p><strong>Tagesablauf Kleinkindgruppe<\/strong><\/p>\n<p>8:00 bis 9:00 Uhr<br \/>\nFreispielzeit: Die Kinder kommen in ihren jeweiligen Gruppen an<\/p>\n<p>9:00 Uhr<br \/>\nMorgenkreis<br \/>\n\u2022 Wir singen zusammen<br \/>\n\u2022 musizieren mit verschiedenen Instrumenten<br \/>\n\u2022 machen Fingerspiele<br \/>\n\u2022 erz\u00e4hlen mit \u201eGeschichtens\u00e4ckchen\u201c<br \/>\n\u2022 \u00fcberlegen, wer alles da ist\/wer fehlt<\/p>\n<p>Anschlie\u00dfend fr\u00fchst\u00fccken wir zusammen. Die Kinder bekommen jeden Tag frisches Obst und Gem\u00fcse.<\/p>\n<p>Anschlie\u00dfend ist wieder Freispiel:<br \/>\n\u2022 es finden verschiedene p\u00e4dagogische Angebote statt<br \/>\n\u2022 es wird gespielt und getobt<br \/>\n\u2022 die Kinder werden gewickelt<br \/>\n\u2022 im Foyer wird mit Fahrzeugen gefahren oder eine Bewegungsbaustelle aufgebaut<br \/>\n\u2022 spielen in Hof und Garten (je nach Wetterlage)<\/p>\n<p>Um 11:30 Uhr gibt es Mittagessen f\u00fcr alle Kinder: Brotzeit oder warmes Essen, welches von den Eltern mitgebracht wird<br \/>\nDanach gehen unsere Kleinen schlafen (uns ist es sehr wichtig, dass jedes Kind in Ruhe schlafen kann, deswegen wecken wir keine Kinder)<\/p>\n<p>Abholzeit: 11.45 bis 14:00 Uhr<\/p>\n<p>Alle Nachmittagskinder werden zusammen in einer Gruppe betreut (Freispiel, kleine Mahlzeit, Spielen im Hof oder Garten).<\/p>\n<p>Abholzeit: 15:30 bis 16:30 Uhr<\/p>\n<p>&nbsp;<\/p>\n<p><strong>Tagesablauf<\/strong><strong> Kindergartenkinder<\/strong><\/p>\n<p>8:00 bis 9:00 Uhr Freispielzeit: Die Kinder kommen in ihren jeweiligen Gruppen an.<\/p>\n<p>9:00 Uhr Morgenkreis (gegebenenfalls auch mal ein Mittagskreis anstatt des Morgenkreises, je nach den Bed\u00fcrfnissen der Kinder):<\/p>\n<ul>\n<li>Tagesablauf besprechen<\/li>\n<li>Lieder singen<\/li>\n<li>Bilderbuchbetrachtung<\/li>\n<li>Erz\u00e4hlungen der Kinder<\/li>\n<li>Wer ist heute da? \u2013 mit Z\u00e4hlen und \u201ekleinen Rechenaufgaben\u201c<\/li>\n<li>das Datum (Tag, Monat, Jahr und Jahreszeit) wird besprochen<\/li>\n<li>&#8230;<\/li>\n<\/ul>\n<p>Danach geht es zum Fr\u00fchst\u00fcck: jedes Kind bringt sein eigenes Fr\u00fchst\u00fcck von Zuhause mit (die Kinder erhalten t\u00e4glich eine Auswahl an geschnittenem Obst und Gem\u00fcse)<\/p>\n<p>Anschlie\u00dfend ist wieder Freispielzeit:<\/p>\n<ul>\n<li>Es finden verschiedene p\u00e4dagogische Angebote statt (z.B. kreative Angebote, Bewegung in der Turnhalle, Projekte &#8230;)<\/li>\n<li>wir machen gemeinsam mit den Kindern Ausfl\u00fcge und Spazierg\u00e4nge<\/li>\n<li>spielen in den verschiedenen Spielecken (Puppen-, Bau-, Lego-, Kuschel-, Lese- und Kreativecke)<\/li>\n<li>die Kinder haben die M\u00f6glichkeit in Kleingruppen im Freien zu spielen<\/li>\n<li>&#8230;<\/li>\n<\/ul>\n<p>Wir gehen bis ca. 12.15 Uhr in den Hof oder Garten<\/p>\n<p>Abholzeit 11:45 bis 12.30 Uhr<\/p>\n<p>Mittagessen 12.20 \/ 12.30 Uhr<\/p>\n<ul>\n<li>Damit die Kinder in Ruhe essen k\u00f6nnen, w\u00fcnschen wir uns, dass die Kinder in dieser Zeit (ca. bis 13 Uhr) nicht abgeholt werden<\/li>\n<li>Die Kinder k\u00f6nnen eine Brotzeit oder auch ein Essen in einer Warmhaltedose mitbringen. Au\u00dferdem gibt es die M\u00f6glichkeit ein warmes Essen zu bestellen.<\/li>\n<\/ul>\n<p>Abholzeit: 13:00 bis 14:00 Uhr<\/p>\n<p>Ab 14:00 Uhr: Wenn es warm ist, treffen sich alle Nachmittagskinder im gro\u00dfen Garten.<\/p>\n<p>Abholzeit: 15.30 bis 17.00 Uhr<\/p>\n<p>&nbsp;<\/p>\n<p>&nbsp;<\/p>\n","protected":false},"excerpt":{"rendered":"<p>Fr\u00fchdienst: Kindergartenkinder k\u00f6nnen ab 7:15 Uhr, unsere B\u00e4rchenkinder ab 7:30 Uhr gebracht werden. Ab 8:00 Uhr gehen die Kinder in ihre jeweiligen Gruppen. Tagesablauf Kleinkindgruppe 8:00 bis 9:00 Uhr Freispielzeit: Die Kinder kommen in ihren jeweiligen Gruppen an 9:00 Uhr Morgenkreis \u2022 Wir singen zusammen \u2022 musizieren mit verschiedenen Instrumenten \u2022 machen Fingerspiele \u2022 erz\u00e4hlen [&hellip;]<\/p>\n","protected":false},"author":1,"featured_media":0,"parent":20,"menu_order":0,"comment_status":"closed","ping_status":"closed","template":"","meta":{"_acf_changed":false,"footnotes":""},"class_list":["post-161","page","type-page","status-publish","hentry"],"acf":[],"_links":{"self":[{"href":"https:\/\/kitas-randersacker.de\/kita\/wp-json\/wp\/v2\/pages\/161","targetHints":{"allow":["GET"]}}],"collection":[{"href":"https:\/\/kitas-randersacker.de\/kita\/wp-json\/wp\/v2\/pages"}],"about":[{"href":"https:\/\/kitas-randersacker.de\/kita\/wp-json\/wp\/v2\/types\/page"}],"author":[{"embeddable":true,"href":"https:\/\/kitas-randersacker.de\/kita\/wp-json\/wp\/v2\/users\/1"}],"replies":[{"embeddable":true,"href":"https:\/\/kitas-randersacker.de\/kita\/wp-json\/wp\/v2\/comments?post=161"}],"version-history":[{"count":5,"href":"https:\/\/kitas-randersacker.de\/kita\/wp-json\/wp\/v2\/pages\/161\/revisions"}],"predecessor-version":[{"id":381,"href":"https:\/\/kitas-randersacker.de\/kita\/wp-json\/wp\/v2\/pages\/161\/revisions\/381"}],"up":[{"embeddable":true,"href":"https:\/\/kitas-randersacker.de\/kita\/wp-json\/wp\/v2\/pages\/20"}],"wp:attachment":[{"href":"https:\/\/kitas-randersacker.de\/kita\/wp-json\/wp\/v2\/media?parent=161"}],"curies":[{"name":"wp","href":"https:\/\/api.w.org\/{rel}","templated":true}]}}