{"id":150,"date":"2020-06-10T10:47:23","date_gmt":"2020-06-10T08:47:23","guid":{"rendered":"https:\/\/kitas-randersacker.de\/kita\/?page_id=150"},"modified":"2020-07-07T15:24:04","modified_gmt":"2020-07-07T13:24:04","slug":"geschichte-der-einrichtung","status":"publish","type":"page","link":"https:\/\/kitas-randersacker.de\/kita\/konzeption\/geschichte-der-einrichtung\/","title":{"rendered":"Geschichte der Einrichtung"},"content":{"rendered":"<p>Unsere Kindertagesst\u00e4tte Randersacker hat ihren Ursprung im 19. Jahrhundert. Mit der Berufst\u00e4tigkeit der Frau, vor allem in den Weinbergen, wurde eine Betreuung der Kinder<br \/>\nnotwendig.<\/p>\n<p>Sebastian Englerth war ein Weinbaupionier und bekannter B\u00fcrger der Gemeinde Randersacker. Er vermachte 1880 den M\u00f6nchshof der Gemeinde Randersacker mit der Auflage, eine \u201eKinderbewahranstalt\u201c und \u201eM\u00e4dchenschule\u201c einzurichten. Die Betreuung der Kinder \u00fcbernahmen damals f\u00fcnf Maria-Stern-Schwestern, die am 01. Mai 1883 aus Augsburg in den M\u00f6nchshof einzogen. Zu diesem Zeitpunkt bekam die Schule ein neues Geb\u00e4ude und der Kindergarten blieb im M\u00f6nchshof.<\/p>\n<p>Nach 94 Jahren zogen sich die Ordensschwestern aus der Kindergartenarbeit zur\u00fcck. Die Anzahl der Kinder stieg stetig an und der Bedarf an Betreuungspl\u00e4tzen wurde gr\u00f6\u00dfer. Unter der Aufsicht der Kinderg\u00e4rtnerin Schwester Gelasine wurden oft \u00fcber 120 Kinder betreut.<\/p>\n<p>Im Jahre 1968 begann die Planung eines Neubaus, der 1971 fertiggestellt wurde. Nun gab es 4 Kindergartengruppen f\u00fcr jeweils 30 Kinder.<\/p>\n<p>1990 wurden zwei weitere Gruppen in einem Anbau er\u00f6ffnet (heutige Spatzen- und M\u00e4usegruppe).<\/p>\n<p>2005 entstand im oberen Bereich eine Hortgruppe, in der die Schulkinder nach dem Unterricht mit Hausaufgabenbetreuung und Freizeitangeboten betreut wurden.<\/p>\n<p>2006 wurde die erste Kleinkindgruppe (Blumenzimmer) er\u00f6ffnet, in der Kinder ab einem Jahr aufgenommen wurden.<\/p>\n<p>Der Hort wurde 2008 in die R\u00e4umlichkeiten der Schule verlegt und eine zweite Kleinkindgruppe (Sonnenzimmer) er\u00f6ffnet.<\/p>\n<p>2013\/14 wurde nach einem Umbau im M\u00f6nchshof die dritte Kleinkindgruppe (Sternchenzimmer) er\u00f6ffnet.<\/p>\n","protected":false},"excerpt":{"rendered":"<p>Unsere Kindertagesst\u00e4tte Randersacker hat ihren Ursprung im 19. Jahrhundert. Mit der Berufst\u00e4tigkeit der Frau, vor allem in den Weinbergen, wurde eine Betreuung der Kinder notwendig. Sebastian Englerth war ein Weinbaupionier und bekannter B\u00fcrger der Gemeinde Randersacker. Er vermachte 1880 den M\u00f6nchshof der Gemeinde Randersacker mit der Auflage, eine \u201eKinderbewahranstalt\u201c und \u201eM\u00e4dchenschule\u201c einzurichten. Die Betreuung der [&hellip;]<\/p>\n","protected":false},"author":1,"featured_media":0,"parent":20,"menu_order":0,"comment_status":"closed","ping_status":"closed","template":"","meta":{"_acf_changed":false,"footnotes":""},"class_list":["post-150","page","type-page","status-publish","hentry"],"acf":[],"_links":{"self":[{"href":"https:\/\/kitas-randersacker.de\/kita\/wp-json\/wp\/v2\/pages\/150","targetHints":{"allow":["GET"]}}],"collection":[{"href":"https:\/\/kitas-randersacker.de\/kita\/wp-json\/wp\/v2\/pages"}],"about":[{"href":"https:\/\/kitas-randersacker.de\/kita\/wp-json\/wp\/v2\/types\/page"}],"author":[{"embeddable":true,"href":"https:\/\/kitas-randersacker.de\/kita\/wp-json\/wp\/v2\/users\/1"}],"replies":[{"embeddable":true,"href":"https:\/\/kitas-randersacker.de\/kita\/wp-json\/wp\/v2\/comments?post=150"}],"version-history":[{"count":4,"href":"https:\/\/kitas-randersacker.de\/kita\/wp-json\/wp\/v2\/pages\/150\/revisions"}],"predecessor-version":[{"id":184,"href":"https:\/\/kitas-randersacker.de\/kita\/wp-json\/wp\/v2\/pages\/150\/revisions\/184"}],"up":[{"embeddable":true,"href":"https:\/\/kitas-randersacker.de\/kita\/wp-json\/wp\/v2\/pages\/20"}],"wp:attachment":[{"href":"https:\/\/kitas-randersacker.de\/kita\/wp-json\/wp\/v2\/media?parent=150"}],"curies":[{"name":"wp","href":"https:\/\/api.w.org\/{rel}","templated":true}]}}