{"id":15,"date":"2020-05-28T10:17:40","date_gmt":"2020-05-28T08:17:40","guid":{"rendered":"https:\/\/kitas-randersacker.de\/kita\/?page_id=15"},"modified":"2026-02-19T10:36:06","modified_gmt":"2026-02-19T09:36:06","slug":"team","status":"publish","type":"page","link":"https:\/\/kitas-randersacker.de\/kita\/team\/","title":{"rendered":"Team"},"content":{"rendered":"<p>Unser buntgemischtes Team besteht aus engagierten und kompetenten Fachkr\u00e4ften, die in Ganz- und Teilzeit bei uns arbeiten. Wir sind Teamplayer und jeder bringt seine St\u00e4rken und Kompetenzen ins gesamte Team und den p\u00e4dagogischen Alltag ein.<\/p>\n<p>Um die p\u00e4dagogische Qualit\u00e4t und Kompetenz in unserer Kita zu sichern und stetig zu verbessern, ist die regelm\u00e4\u00dfige Teilnahme an Fortbildungen f\u00fcr uns selbstverst\u00e4ndlich.<\/p>\n<p>Da wir eine Ausbildungsst\u00e4tte sind, haben wir stets Praktikanten (Sch\u00fcler-, Kinderpflege- und Erzie- herpraktikanten). Diese sind eine Bereicherung f\u00fcr unsere Einrichtung sowie unsere p\u00e4dagogische Arbeit.<\/p>\n<p>Um den Kita-Alltag zu organisieren und im st\u00e4ndigen Austausch zu sein, finden regelm\u00e4\u00dfige Teamsitzungen statt.<\/p>\n<p>F\u00fcr unser Personal ist die gegenseitige Unterst\u00fctzung sowie das Aushelfen in anderen Gruppen eine Selbstverst\u00e4ndlichkeit.<\/p>\n<p>Vertrauen ist f\u00fcr uns die Basis f\u00fcr ein offenes und wertsch\u00e4tzendes Verhalten untereinander. Um dieses Vertrauen zu st\u00e4rken und den Zusammenhalt zu f\u00f6rdern, treffen wir uns z.B. hin und wieder zum Stammtisch oder auf dem Weihnachtsmarkt.<\/p>\n<p><img loading=\"lazy\" decoding=\"async\" class=\"alignnone size-medium wp-image-682\" src=\"https:\/\/kitas-randersacker.de\/kita\/wp-content\/uploads\/sites\/2\/2026\/02\/Folie1-198x300.jpg\" alt=\"\" width=\"198\" height=\"300\" srcset=\"https:\/\/kitas-randersacker.de\/kita\/wp-content\/uploads\/sites\/2\/2026\/02\/Folie1-198x300.jpg 198w, https:\/\/kitas-randersacker.de\/kita\/wp-content\/uploads\/sites\/2\/2026\/02\/Folie1.jpg 475w\" sizes=\"auto, (max-width: 198px) 100vw, 198px\" \/><\/p>\n<p>&nbsp;<\/p>\n","protected":false},"excerpt":{"rendered":"<p>Unser buntgemischtes Team besteht aus engagierten und kompetenten Fachkr\u00e4ften, die in Ganz- und Teilzeit bei uns arbeiten. Wir sind Teamplayer und jeder bringt seine St\u00e4rken und Kompetenzen ins gesamte Team und den p\u00e4dagogischen Alltag ein. Um die p\u00e4dagogische Qualit\u00e4t und Kompetenz in unserer Kita zu sichern und stetig zu verbessern, ist die regelm\u00e4\u00dfige Teilnahme an [&hellip;]<\/p>\n","protected":false},"author":1,"featured_media":0,"parent":0,"menu_order":0,"comment_status":"closed","ping_status":"closed","template":"templates\/template-team.php","meta":{"_acf_changed":false,"footnotes":""},"class_list":["post-15","page","type-page","status-publish","hentry"],"acf":[],"_links":{"self":[{"href":"https:\/\/kitas-randersacker.de\/kita\/wp-json\/wp\/v2\/pages\/15","targetHints":{"allow":["GET"]}}],"collection":[{"href":"https:\/\/kitas-randersacker.de\/kita\/wp-json\/wp\/v2\/pages"}],"about":[{"href":"https:\/\/kitas-randersacker.de\/kita\/wp-json\/wp\/v2\/types\/page"}],"author":[{"embeddable":true,"href":"https:\/\/kitas-randersacker.de\/kita\/wp-json\/wp\/v2\/users\/1"}],"replies":[{"embeddable":true,"href":"https:\/\/kitas-randersacker.de\/kita\/wp-json\/wp\/v2\/comments?post=15"}],"version-history":[{"count":19,"href":"https:\/\/kitas-randersacker.de\/kita\/wp-json\/wp\/v2\/pages\/15\/revisions"}],"predecessor-version":[{"id":683,"href":"https:\/\/kitas-randersacker.de\/kita\/wp-json\/wp\/v2\/pages\/15\/revisions\/683"}],"wp:attachment":[{"href":"https:\/\/kitas-randersacker.de\/kita\/wp-json\/wp\/v2\/media?parent=15"}],"curies":[{"name":"wp","href":"https:\/\/api.w.org\/{rel}","templated":true}]}}