{"id":11,"date":"2020-05-28T10:17:07","date_gmt":"2020-05-28T08:17:07","guid":{"rendered":"https:\/\/kitas-randersacker.de\/kita\/?page_id=11"},"modified":"2026-02-19T12:19:00","modified_gmt":"2026-02-19T11:19:00","slug":"gruppen","status":"publish","type":"page","link":"https:\/\/kitas-randersacker.de\/kita\/gruppen\/","title":{"rendered":"Gruppen"},"content":{"rendered":"<p>In unserer Kita gibt es vier Kindergartengruppen mit ca. 25 Kindern, im Alter von 3 bis 6 Jahren:<\/p>\n<ul>\n<li><strong>Spatzengruppe<\/strong><\/li>\n<li><strong>M\u00e4usegruppe<\/strong><\/li>\n<li><strong>Schmetterlingsgruppe<\/strong><\/li>\n<li><strong>K\u00e4fergruppe<\/strong><\/li>\n<\/ul>\n<p>Au\u00dferdem gibt es f\u00fcnf Kleinkindergruppen (die B\u00e4rchen) mit jeweils 12 Kindern, im Alter von 1 bis 3 Jahren:<\/p>\n<ul>\n<li><strong>Sonnengruppe<\/strong><\/li>\n<li><strong>Blumengruppe<\/strong><\/li>\n<li><strong>W\u00f6lkchengruppe<\/strong><\/li>\n<li><strong>Regenbogengruppe<\/strong><\/li>\n<\/ul>\n","protected":false},"excerpt":{"rendered":"<p>In unserer Kita gibt es vier Kindergartengruppen mit ca. 25 Kindern, im Alter von 3 bis 6 Jahren: Spatzengruppe M\u00e4usegruppe Schmetterlingsgruppe K\u00e4fergruppe Au\u00dferdem gibt es f\u00fcnf Kleinkindergruppen (die B\u00e4rchen) mit jeweils 12 Kindern, im Alter von 1 bis 3 Jahren: Sonnengruppe Blumengruppe W\u00f6lkchengruppe Regenbogengruppe<\/p>\n","protected":false},"author":1,"featured_media":0,"parent":0,"menu_order":0,"comment_status":"closed","ping_status":"closed","template":"templates\/template-gruppen.php","meta":{"_acf_changed":false,"footnotes":""},"class_list":["post-11","page","type-page","status-publish","hentry"],"acf":[],"_links":{"self":[{"href":"https:\/\/kitas-randersacker.de\/kita\/wp-json\/wp\/v2\/pages\/11","targetHints":{"allow":["GET"]}}],"collection":[{"href":"https:\/\/kitas-randersacker.de\/kita\/wp-json\/wp\/v2\/pages"}],"about":[{"href":"https:\/\/kitas-randersacker.de\/kita\/wp-json\/wp\/v2\/types\/page"}],"author":[{"embeddable":true,"href":"https:\/\/kitas-randersacker.de\/kita\/wp-json\/wp\/v2\/users\/1"}],"replies":[{"embeddable":true,"href":"https:\/\/kitas-randersacker.de\/kita\/wp-json\/wp\/v2\/comments?post=11"}],"version-history":[{"count":35,"href":"https:\/\/kitas-randersacker.de\/kita\/wp-json\/wp\/v2\/pages\/11\/revisions"}],"predecessor-version":[{"id":690,"href":"https:\/\/kitas-randersacker.de\/kita\/wp-json\/wp\/v2\/pages\/11\/revisions\/690"}],"wp:attachment":[{"href":"https:\/\/kitas-randersacker.de\/kita\/wp-json\/wp\/v2\/media?parent=11"}],"curies":[{"name":"wp","href":"https:\/\/api.w.org\/{rel}","templated":true}]}}